{"id":165,"date":"2020-11-09T18:22:47","date_gmt":"2020-11-09T16:22:47","guid":{"rendered":"https:\/\/jaszfenyszaru.kehop.roi.dev\/?page_id=165"},"modified":"2020-11-09T19:39:08","modified_gmt":"2020-11-09T17:39:08","slug":"figyelemfelhivo-akcio","status":"publish","type":"page","link":"https:\/\/demojfsz.fenyszaru.hu\/aloldal_eu_2020\/web\/figyelemfelhivo-akcio\/","title":{"rendered":"Figyelemfelh\u00edv\u00f3 akci\u00f3k"},"content":{"rendered":"<p>J\u00e1szf\u00e9nyszaru V\u00e1ros \u00d6nkorm\u00e1nyzata a Kl\u00edmabar\u00e1t Telep\u00fcl\u00e9sek Sz\u00f6vets\u00e9g\u00e9vel konzorciumban \u201eKl\u00edmatudatoss\u00e1got er\u0151s\u00edt\u0151 szeml\u00e9letform\u00e1l\u00e1s J\u00e1szf\u00e9nyszarun\u201d c\u00edmmel (projektazonos\u00edt\u00f3: KEHOP-1.2.1-18-2018-00145) sikeresen p\u00e1ly\u00e1zott a Sz\u00e9chenyi 2020 K\u00f6rnyezeti \u00e9s Energiahat\u00e9konys\u00e1gi Operat\u00edv Program keret\u00e9ben, \u00edgy k\u00f6zel 20 milli\u00f3 forint vissza nem t\u00e9r\u00edtend\u0151 t\u00e1mogat\u00e1sb\u00f3l helyi kl\u00edmastrat\u00e9gia kidolgoz\u00e1s\u00e1ra, valamint a kl\u00edmatudatoss\u00e1got er\u0151s\u00edt\u0151 szeml\u00e9letform\u00e1l\u00e1si programok megval\u00f3s\u00edt\u00e1s\u00e1ra ker\u00fcl sor.<\/p>\n<p>A kl\u00edmav\u00e1ltoz\u00e1s, mint glob\u00e1lis k\u00f6rnyezeti probl\u00e9ma a civil szerepl\u0151ket, az \u00f6nkorm\u00e1nyzatot \u00e9s int\u00e9zm\u00e9nyeit, a gazdas\u00e1gi- \u00e9s oktat\u00e1si szerepl\u0151ket, tov\u00e1bb\u00e1 a teljes lakoss\u00e1got is \u00e9rinti, \u00edgy a fent hivatkozott projekt keret\u00e9ben J\u00e1szf\u00e9nyszaru V\u00e1ros \u00e9s t\u00e9rs\u00e9g\u00e9nek lakosai r\u00e9sz\u00e9re k\u00e9t alkalommal az al\u00e1bbi telep\u00fcl\u00e9si figyelemfelkelt\u0151 akci\u00f3k ker\u00fclnek megrendez\u00e9sre.<\/p>\n<h2><strong>A F\u00f6ld t\u00fcdeje, az erd\u0151k szerepe a F\u00f6ld kl\u00edma alak\u00edt\u00e1s\u00e1ban<\/strong><\/h2>\n<p><strong><u>A figyelemfelkelt\u0151 akci\u00f3 id\u0151pontja:<\/u><\/strong> 2020. november 6-7.<\/p>\n<p><strong><u>A rendezv\u00e9ny helysz\u00edne:<\/u><\/strong> J\u00e1szf\u00e9nyszaru V\u00e1ros \u00d6nkorm\u00e1nyzata, 5126 J\u00e1szf\u00e9nyszaru, Szabads\u00e1g \u00fat 4.<\/p>\n<p><strong><em>Mi\u00e9rt fontos az erd\u0151k v\u00e9delme? Erdeink hozz\u00e1j\u00e1rulnak a talaj er\u00f3zi\u00f3val szembeni v\u00e9delm\u00e9hez, bekapcsol\u00f3dnak a v\u00edz k\u00f6rforg\u00e1s\u00e1ba, sz\u00e1mos faj \u00e9l\u0151hely\u00e9\u00fcl szolg\u00e1lnak, \u00e9s szab\u00e1lyozz\u00e1k a helyi \u00e9ghajlatot, f\u0151k\u00e9nt a p\u00e1rolg\u00e1s r\u00e9v\u00e9n. Emellett a glob\u00e1lis \u00e9ghajlatot is szab\u00e1lyozz\u00e1k, hiszen a sz\u00e9n-dioxid elrakt\u00e1roz\u00e1s\u00e1val seg\u00edtik a kl\u00edmav\u00e1ltoz\u00e1s elleni harcot. Az erd\u0151k az \u00fcvegh\u00e1zhat\u00e1s\u00fa g\u00e1zok 8,9%-\u00e1t semleges\u00edtik egy \u00e9vben az EU-ban (2018-as adat), ez\u00e9rt az Uni\u00f3 k\u00fcl\u00f6n fejezetet sz\u00e1nt a f\u00f6ldhaszn\u00e1latnak \u00e9s az erd\u0151k szerep\u00e9nek a kl\u00edmav\u00e1ltoz\u00e1s elleni strat\u00e9gi\u00e1j\u00e1ban.<\/em><\/strong><\/p>\n<p><strong>PROGRAM:<\/strong><\/p>\n<p><strong>NOVEMBER 6. P\u00c9NTEK<\/strong><\/p>\n<p>8.00 &#8211; 16.00<\/p>\n<p>FAOSZT\u00c1SSAL EGYBEK\u00d6T\u00d6TT\u00a0\u00a0\u00a0\u00a0\u00a0\u00a0\u00a0\u00a0\u00a0\u00a0 FIGYELEMFELKELT\u0150 AKCI\u00d3 \u00a0 \u00a0 \u00a0 \u00a0 \u00a0 \u00a0A F\u00c1K, ERD\u0150K, Z\u00d6LDFEL\u00dcLETEK SZEREPE J\u00c1SZF\u00c9NYSZARUN C\u00cdMMEL<\/p>\n<p>12:00 &#8211; 10:15<\/p>\n<p>A PROJEKT BEMUTAT\u00c1SA<\/p>\n<p>12:15 &#8211; 13:00<\/p>\n<p>FIGYELEMFELKELT\u0150 K\u00d6RNYEZETI SZEML\u00c9LETFORM\u00c1L\u00c1SI EL\u0150AD\u00c1S \u2013 A F\u00d6LD T\u00dcDEJE, AZ ERD\u0150K SZEREPE A F\u00d6LD KL\u00cdMA ALAK\u00cdT\u00c1S\u00c1BAN C\u00cdMMEL<\/p>\n<p>13:30 &#8211; 14:30<\/p>\n<p>A KL\u00cdMAV\u00c1LTOZ\u00c1S CS\u00d6KKENT\u00c9S\u00c9VEL KAPCSOLATOS TUD\u00c1SMEGOSZT\u00c1S CSAL\u00c1DOK, \u00c9RDEKL\u0150D\u0150K R\u00c9SZ\u00c9RE INTERAKT\u00cdV BESZ\u00c9LGET\u00c9SEK KERET\u00c9BEN<\/p>\n<p>12.00 &#8211; 16.00<\/p>\n<p>KL\u00cdMA KV\u00cdZ<\/p>\n<p>&nbsp;<\/p>\n<p><strong>NOVEMBER 7. SZOMBAT<\/strong><\/p>\n<p>8:00 &#8211; 16:00<\/p>\n<p>FAOSZT\u00c1SSAL EGYBEK\u00d6T\u00d6TT\u00a0\u00a0\u00a0\u00a0\u00a0\u00a0\u00a0\u00a0\u00a0\u00a0 FIGYELEMFELKELT\u0150 AKCI\u00d3 A F\u00c1K, ERD\u0150K, Z\u00d6LDFEL\u00dcLETEK SZEREPE J\u00c1SZF\u00c9NYSZARUN C\u00cdMMEL<\/p>\n<p>8.00 \u2013 16.00<\/p>\n<p>KL\u00cdMA KV\u00cdZ<\/p>\n<p>&nbsp;<\/p>\n<p><strong>M\u00e9diakamp\u00e1ny &#8211; Kapcsol\u00f3d\u00f3 h\u00edrek:<\/strong><\/p>\n<p><em>Mi \u00fajs\u00e1g F\u00e9nyszarun? XXXI. \u00e9vfolyam 9. sz\u00e1m: 2020\/09. H\u00edrlev\u00e9l<\/em><\/p>\n<p>J\u00e1szs\u00e1gi T\u00e9rs\u00e9gi TV: H\u00cdR 18 &#8211;\u00a0<a href=\"https:\/\/youtu.be\/riM0Uezoj4c?t=461\">A J\u00e1szs\u00e1g H\u00edrad\u00f3ja 2020. november 6-ai ad\u00e1s<\/a><\/p>\n<p>&nbsp;<\/p>\n<p><iframe loading=\"lazy\" title=\"H\u00cdR 18 - A J\u00c1SZS\u00c1G H\u00cdRAD\u00d3JA - 2020.11.06.\" width=\"500\" height=\"281\" src=\"https:\/\/www.youtube.com\/embed\/riM0Uezoj4c?start=461&#038;feature=oembed\" frameborder=\"0\" allow=\"accelerometer; autoplay; clipboard-write; encrypted-media; gyroscope; picture-in-picture\" allowfullscreen><\/iframe><\/p>\n<p>&nbsp;<\/p>\n<p><strong>MI\u00c9RT FONTOSAK A HAZAI F\u00c1K\/ERD\u0150K A KL\u00cdMAV\u00c1LTOZ\u00c1S M\u00c9RS\u00c9KL\u00c9SE SZEMPONTJ\u00c1B\u00d3L?<\/strong><\/p>\n<p><strong><em>A<\/em><em>z erd\u0151k \u00e9s f\u00e1ssz\u00e1r\u00fa t\u00e1rsul\u00e1sok <\/em><\/strong><strong><em>szerepe az oxig\u00e9n termel\u0151 \u00e9s CO<sup>2<\/sup> megk\u00f6t\u0151<\/em><\/strong> <strong><em>k\u00e9pess\u00e9ge miatt is<\/em><\/strong><strong><em> elengedhetetlen a kl\u00edmav\u00e1ltoz\u00e1s m\u00e9rs\u00e9kl\u00e9s\u00e9ben<\/em><\/strong><strong><em>.<\/em><\/strong><\/p>\n<p><em>A fa\u00fcltet\u00e9s az\u00e9rt fontos, mert Magyarorsz\u00e1g nagy r\u00e9sz\u00e9n a talaj- \u00e9s a klimatikus viszonyok alkalmasak a f\u00e1s\u00edt\u00e1sra \u00e9s az erd\u0151telep\u00edt\u00e9sre, a f\u00e1k \u00e9s a kiterjedt erd\u0151s\u00e9gek pedig k\u00e9pesek m\u00e9rs\u00e9kelni a kl\u00edmav\u00e1ltoz\u00e1s kedvez\u0151tlen hat\u00e1sait. Ez\u00e9rt kulcsk\u00e9rd\u00e9s a kl\u00edmav\u00e1ltoz\u00e1s v\u00e1rhat\u00f3 hat\u00e1sait elvisel\u0151 fafajok kiv\u00e1laszt\u00e1sa: olyan f\u00e1kat kell \u00fcltetni \u00e9s nevelni, amelyek 50-100 \u00e9v m\u00falva is k\u00e9pesek lesznek a megv\u00e1ltozott kl\u00edm\u00e1ban \u00e9lni.<\/em><\/p>\n<p><strong>mert sz\u00e9n-dioxid megk\u00f6t\u0151k \u00e9s oxig\u00e9n termel\u0151k:<\/strong> Sz\u00e1m\u00edt\u00e1sok szerint egy lombk\u00f6bm\u00e9ter asszimil\u00e1l\u00f3 fel\u00fclet egy \u00e9vben, a veget\u00e1ci\u00f3s id\u0151szakban 650 gramm oxig\u00e9nt termel \u00e9s 590 gramm sz\u00e9n-dioxidot dolgoz fel (1 lombk\u00f6bm\u00e9ter \u00e1tlagosan 4 m<sup>2<\/sup>asszimil\u00e1l\u00f3 fel\u00fcletnek felel meg).<\/p>\n<p><strong><em>Tudtad-e?<\/em><\/strong> <em>Egy 50 \u00e9ves fa k\u00f6r\u00fclbel\u00fcl 50 kg oxig\u00e9nt &#8211; <\/em><em>egy ember \u00e9ves oxig\u00e9nsz\u00fcks\u00e9glet\u00e9t<\/em><em> &#8211; termel \u00e9s 68,75 kg CO<sup>2<\/sup>-t dolgoz fel egy veget\u00e1ci\u00f3s id\u0151szak alatt (u<\/em><em>gyanakkor egy szem\u00e9lyaut\u00f3 20 ember oxig\u00e9n sz\u00fcks\u00e9glet\u00e9t haszn\u00e1lja el 100 kilom\u00e9teres t\u00e1von kb. 1 \u00f3ra alatt<\/em><em>)<\/em><em>.<\/em><\/p>\n<p><strong>mert ha nem v\u00e1gj\u00e1k ki \u0151ket, akkor az \u00e1rny\u00e9kos fel\u00fcletek n\u0151nek, ezzel cs\u00f6kken a leveg\u0151 h\u0151m\u00e9rs\u00e9klete:<\/strong> A f\u00e1knak megvan a m\u00f3dszer\u00fck a h\u0151 megf\u00e9kez\u00e9s\u00e9re, a f\u00e1k lombkoron\u00e1juk seg\u00edts\u00e9g\u00e9vel l\u00e9tfontoss\u00e1g\u00fa \u201e\u00e1rny\u00e9ko\u00e1zisokat\u201d k\u00e9pesek l\u00e9trehozni a k\u00f6zvetlen k\u00f6zel\u00fckben, emellett a v\u00e1rosokban az \u00e9p\u00fcletek h\u0171v\u00f6sen tart\u00e1s\u00e1ban j\u00e1tszanak fontos szerepet.<\/p>\n<p>A nagyobb kiterjed\u00e9s\u0171 erd\u0151k befoly\u00e1solni tudj\u00e1k az id\u0151j\u00e1r\u00e1st \u00e9s saj\u00e1tos mikrokl\u00edm\u00e1t alak\u00edtanak ki.<\/p>\n<p><strong><em>Tudtad-e? <\/em><\/strong><em>Erd\u0151ben, parkokban (a h\u0151m\u00e9rs\u00e9klet k\u00fcl\u00f6nbs\u00e9ge miatt) szinte \u00e1lland\u00f3 a l\u00e9gmozg\u00e1s, ami szint\u00e9n h\u0171t, mind ezek miatt h\u0151s\u00e9g idej\u00e9n ak\u00e1r 6-8 fokkal is alacsonyabb lehet a h\u0151m\u00e9rs\u00e9klet erd\u0151ben, mint f\u00e1tlan ter\u00fcleten.<\/em><em>\u00a0<\/em><\/p>\n<p><strong>mert a p\u00e1rologtat\u00e1ssal is h\u0171t\u0151 hat\u00e1st \u00e9s megfelel\u0151 l\u00e9gnedvess\u00e9get biztos\u00edtanak:<\/strong> A f\u00f6ldbe sziv\u00e1rg\u00f3 vizet a gy\u00f6kerek felsz\u00edvj\u00e1k, \u00e9s a leveleken kereszt\u00fcl elp\u00e1rologtatj\u00e1k, ezzel is h\u0171tve a leveg\u0151 h\u0151m\u00e9rs\u00e9klet\u00e9t.<\/p>\n<p><strong><em>Tudtad-e? <\/em><\/strong><em>Sz\u00e1m\u00edt\u00e1sok szerint egy lombk\u00f6bm\u00e9ter asszimil\u00e1ci\u00f3s fel\u00fclet 47 liter vizet p\u00e1rologtat el egy veget\u00e1ci\u00f3s id\u0151szakban. Egy 50 \u00e9ves fa \u00e9vi produktuma 4230 liter, az 4,2 m3, teh\u00e1t ennyivel jav\u00edtja a k\u00f6rnyez\u0151 mikro-, vagy mezokl\u00edm\u00e1t.<\/em><\/p>\n<p><strong>mert cs\u00f6kkentik a talajer\u00f3zi\u00f3t:<\/strong> A n\u00f6v\u00e9nyzet megsz\u0171n\u00e9s\u00e9vel n\u0151 a term\u00e9szeti er\u0151k (pl. defl\u00e1ci\u00f3, az er\u00f3zi\u00f3) felsz\u00ednt puszt\u00edt\u00f3 munk\u00e1ja, mely egyben a term\u0151f\u00f6ld pusztul\u00e1s\u00e1t is eredm\u00e9nyezi.<\/p>\n<p>A term\u0151talaj v\u00e9delme \u00e9s v\u00edzh\u00e1ztart\u00e1s\u00e1nak meg\u00f3v\u00e1sa egyar\u00e1nt megk\u00edv\u00e1nja a f\u00e1k, a n\u00f6v\u00e9nyzet jelenl\u00e9t\u00e9t. A megfelel\u0151 n\u00f6v\u00e9nybor\u00edtotts\u00e1g eset\u00e9n, a lez\u00fadul\u00f3 csapad\u00e9kot a levelek porlasztva juttatj\u00e1k a talajra, \u00e9s jelent\u0151s r\u00e9sz\u00e9t a gy\u00f6kerek fel is sz\u00edvj\u00e1k, \u00edgy ezzel g\u00e1tolj\u00e1k a talaj pusztul\u00e1s\u00e1t. A f\u00e1k f\u00f6ldben elny\u00fal\u00f3 gy\u00f6kerei kulcsfontoss\u00e1g\u00faak a nagymennyis\u00e9g\u0171 es\u0151 ellen, f\u0151leg az alacsonyan fekv\u0151 vid\u00e9keken, mint p\u00e9ld\u00e1ul a foly\u00f3v\u00f6lgyekben. Seg\u00edtenek a talajban elnyelni a vizet, illetve cs\u00f6kkentik a talajer\u00f3zi\u00f3 kialakul\u00e1s\u00e1t.<\/p>\n<p><strong>mert sz\u00e9l\u00e1rny\u00e9kot is biztos\u00edtanak:<\/strong> A f\u00e1k, cserj\u00e9k \u00e9s az aljn\u00f6v\u00e9nyzet nehez\u00edtik a l\u00e9gmozg\u00e1st, ezzel akad\u00e1lyozz\u00e1k a szelek t\u00falzott felgyorsul\u00e1s\u00e1t.<\/p>\n<p><strong>mert zajcs\u00f6kkent\u0151 hat\u00e1suk van:<\/strong> Az \u00fat ment\u00e9n az erd\u0151szeg\u00e9ly zajelnyel\u0151, hangszigetel\u0151k\u00e9nt is funkcion\u00e1l (a v\u00e9d\u0151s\u00e1vok nem a zaj teljes kisz\u0171r\u00e9s\u00e9t jelentik, hanem a zajhat\u00e1st a megengedett hat\u00e1r\u00e9rt\u00e9k al\u00e1 szor\u00edtj\u00e1k. (Hagyom\u00e1nyosan nappal 65 dB zaj\u00e9rt\u00e9ket, \u00e9jszaka pedig 55 dB zaj\u00e9rt\u00e9ket tartunk elt\u0171rhet\u0151nek.). A levelek k\u00f6zti l\u00e9gr\u00e9teg maga is szigetel, a levelek rugalmas ellen\u00e1ll\u00e1sa hangtomp\u00edt\u00f3. A n\u00f6v\u00e9nyek fel\u00fclete egyenetlen, puh\u00e1n hajladoz\u00f3 \u00e9s rugalmas; \u00edgy a hangot ink\u00e1bb elnyeli, mint visszaveri. M\u0171szeres m\u00e9r\u00e9sek igazolj\u00e1k, hogy a h\u00e1romszintes n\u00f6v\u00e9nyfal (p\u00e1zsit, cserj\u00e9k \u00e9s f\u00e1k) jobban v\u00e9d a zajt\u00f3l, mint a t\u00e9glafal. Ennek oka a n\u00f6v\u00e9ny tulajdons\u00e1g\u00e1ban rejlik. Ezen fel\u00fcl l\u00e9tezik az elfed\u0151 zaj, vagyis a levelek zizeg\u00e9se, amely pihentet\u0151 hat\u00e1s\u00fa zajcs\u00f6kkent\u0151 t\u00e9nyez\u0151.<\/p>\n<p><strong><em>Tudtad-e? <\/em><\/strong><em>A n\u00f6v\u00e9nyfal sz\u00e9less\u00e9g\u00e9t \u00e1ltal\u00e1ban a zajterhel\u00e9shez kell igaz\u00edtani, amely a forgalom f\u00fcggv\u00e9nye. 800 g\u00e9pkocsi\/\u00f3ra forgalomn\u00e1l 20 m\u00e9ter; 2000 g\u00e9pkocsi\/\u00f3ra forgalomn\u00e1l 30 m\u00e9ter; e felett 80 m\u00e9ter sz\u00e9les erd\u0151s\u00e1v sz\u00fcks\u00e9ges mindk\u00e9t oldalon.<\/em><\/p>\n<p><strong>mert rezg\u00e9s elnyel\u0151 hat\u00e1suk van:<\/strong> Az \u00fattest \u00e9s a j\u00e1rda k\u00f6z\u00f6tt l\u00e9v\u0151 fasorok \u00e9s sorf\u00e1k elterelik a s\u00falyos j\u00e1rm\u0171vek \u00e1ltal keltett rezg\u00e9seket a m\u0171szaki l\u00e9tes\u00edtm\u00e9nyekt\u0151l \u00e9s a h\u00e1zakt\u00f3l, ezzel megakad\u00e1lyozz\u00e1k a vakolatoml\u00e1st, falreped\u00e9st.<\/p>\n<p><strong>mert a szennyez\u0151 anyagokat lek\u00f6tik:<\/strong> A l\u00e9gszennyez\u0151 anyagok egy r\u00e9sz\u00e9t a f\u00e1k lombt\u00f6mege k\u00e9pes lek\u00f6tni, a szil\u00e1rd szennyez\u0151 anyagok meg\u00fclepednek a leveleken. Az es\u0151v\u00edz a szennyez\u0151d\u00e9st id\u0151nk\u00e9nt lemossa, \u00edgy a lev\u00e9lfel\u00fclet \u00fajra \u00fczemk\u00e9pes. Emiatt az utak melletti fasorok \u00e9s az \u00fczemekhez k\u00f6zeli erd\u0151k b\u00edrnak nagy jelent\u0151s\u00e9ggel.<\/p>\n<p><strong><em>Tudtad-e? <\/em><\/strong><em>Egy 40 \u00e9ves erd\u0151 hekt\u00e1ronk\u00e9nt \u00e9s \u00e9vente 70 tonna szennyez\u0151 anyagot k\u00e9pes kisz\u0171rni a leveg\u0151b\u0151l. Kutat\u00e1sok\u00a0szerint 1 lombk\u00f6bm\u00e9ter lev\u00e9lfel\u00fclet 4500 gramm szennyez\u0151 anyagot k\u00e9pes kisz\u0171rni a leveg\u0151b\u0151l egy veget\u00e1ci\u00f3s id\u0151szak alatt (egy 50 \u00e9ves fa kapacit\u00e1sa 405 kg szennyez\u00e9s kisz\u0171r\u00e9se 1 \u00e9v alatt).<\/em><\/p>\n<p><strong>mert alapanyagk\u00e9nt szolg\u00e1lnak minket a f\u00e1k:<\/strong> \u00e9p\u00edt\u0151ipari alapanyagk\u00e9nt, h\u00e9tk\u00f6znapi haszn\u00e1lati t\u00e1rgyak alapanyagak\u00e9nt, f\u0171t\u00e9shez energiahordoz\u00f3k\u00e9nt, de lehet\u0151s\u00e9get biztos\u00edtanak a szabadid\u0151nk elt\u00f6lt\u00e9s\u00e9hez sz\u00fcks\u00e9ges term\u00e9szetk\u00f6zeli \u00e9lm\u00e9nyeivel helysz\u00ednk\u00e9nt, gy\u00fcm\u00f6lcseivel \u00e9s term\u00e9seivel \u00e9telk\u00e9nt, vagy ak\u00e1r gy\u00f3gyhat\u00e1s\u00fa k\u00e9sz\u00edtm\u00e9nyek alapanyagak\u00e9nt.<\/p>\n<p><strong>mert ha nem v\u00e1gj\u00e1k ki \u0151ket szolg\u00e1lj\u00e1k a biol\u00f3giai sokf\u00e9les\u00e9get: <\/strong>akkor nem ker\u00fclnek el\u00e9get\u00e9sre, \u00edgy kevesebb sz\u00e9n-dioxid ker\u00fcl a l\u00e9gk\u00f6rbe, az erd\u0151ben a kid\u0151lt, holt fa \u00e9l\u0151l\u00e9nyek ezreinek adja meg az \u00faj \u00e9let lehet\u0151s\u00e9g\u00e9t \u00e9s az \u00e9l\u0151 fa is \u00e9l\u0151hely\u00e9\u00fcl szolg\u00e1l rovaroknak, h\u00fcll\u0151knek, madaraknak, eml\u0151s\u00f6knek.<\/p>\n<p>&nbsp;<\/p>\n<p><strong>Hogy milyen szempontot \u00e9rdemes figyelembe venni a f\u00e1s\u00edt\u00e1sn\u00e1l \u00e9s milyen fafajokat \u00e9rdemes \u00fcltetni?<\/strong><\/p>\n<p>Megn\u00e9zheted itt: <a href=\"https:\/\/orszagfasitas.hu\/mit-hova-hogyan\/hogyan-valasszunk-fat\/\">https:\/\/orszagfasitas.hu\/mit-hova-hogyan\/hogyan-valasszunk-fat\/<\/a><\/p>\n<p>&nbsp;<\/p>\n<p><strong>J\u00d3 GYAKORLATOK<\/strong><\/p>\n<p>Egy telep\u00fcl\u00e9s z\u00f6ld fel\u00fcleteinek n\u00f6vel\u00e9s\u00e9re, k\u00f6z\u00f6ss\u00e9gi fa\u00fcltet\u00e9s lehet\u0151s\u00e9g\u00e9nek kialak\u00edt\u00e1s\u00e1ra el\u00e9rhet\u0151 j\u00f3gyakorlatok:<\/p>\n<p><strong>10 milli\u00f3 FA:<\/strong> A 10 milli\u00f3 Fa, orsz\u00e1gos k\u00f6z\u00f6ss\u00e9g, folyamatosan n\u00f6vekv\u0151 sz\u00e1m\u00fa helyen, kisv\u00e1rosban, falun, megyesz\u00e9khelyeken, f\u0151v\u00e1rosi ker\u00fcletekben m\u0171k\u00f6dnek helyi k\u00f6z\u00f6ss\u00e9geik, melyek el\u0151k\u00e9sz\u00edtik, megszervezik \u00e9s lebonyol\u00edtj\u00e1k a f\u00e1k \u00fcltet\u00e9s\u00e9t, erd\u0151k telep\u00edt\u00e9s\u00e9t. Ezeket k\u00e9pvisel\u0151k fogj\u00e1k \u00f6ssze, az \u0151 egy\u00fcttm\u0171k\u00f6d\u00e9s\u00fck r\u00e9v\u00e9n m\u0171k\u00f6dik a 10 milli\u00f3 Fa orsz\u00e1gos szervezete. Szakmai \u00e9rtelemben a munk\u00e1kat erd\u00e9szb\u0151l, kert\u00e9szb\u0151l, \u00f6kol\u00f3gusb\u00f3l \u00e1ll\u00f3 k\u00f6zponti szak\u00e9rt\u0151i team seg\u00edti, de sok esetben a helyi k\u00f6z\u00f6ss\u00e9gek saj\u00e1t, a ter\u00fclet\u00fck saj\u00e1toss\u00e1gait j\u00f3l ismer\u0151 erd\u00e9sszel vagy kert\u00e9sszel is dolgoznak. K\u00f6z\u00f6ss\u00e9geik egy k\u00f6zponti \u00e9s a helysz\u00ednek sz\u00e1m\u00e1val azonos sz\u00e1m\u00fa Facebook csoportban \u00e9rintkeznek, szervezik meg a munk\u00e1kat. A 10 milli\u00f3 F\u00e1nak van angol nyelv\u0171 \u00e9s hat\u00e1ron t\u00fali csoportja is.<\/p>\n<p><strong>Hatvanezer Fa Mozgalom:<\/strong> B\u00e9k\u00e9scsab\u00e1n egy civil szervezet kezdem\u00e9nyez\u00e9s\u00e9vel \u00e9s az \u00f6nkorm\u00e1nyzat egy\u00fcttm\u0171k\u00f6d\u00e9s\u00e9vel, a lakoss\u00e1g akt\u00edv bevon\u00e1s\u00e1val egy a k\u00f6z\u00f6ss\u00e9g \u00e1ltal szerkesztett t\u00e9rk\u00e9pen jel\u00f6lt\u00e9k ki a telep\u00fcl\u00e9s ter\u00fclet\u00e9n az \u00fcltet\u00e9sre javasolt helyeket. Az \u00f6nkorm\u00e1nyzattal t\u00f6rt\u00e9n\u0151 folyamatos egyeztet\u00e9s mellett, t\u00f6bb \u00e9v t\u00e1vlat\u00e1ban \u00fctemezve, minden erre alkalmas helyre fa ker\u00fcl. A ki\u00fcltetend\u0151 konkr\u00e9t f\u00e1kat szeretn\u00e9nk konkr\u00e9t emberekhez, csoportokhoz, ak\u00e1r c\u00e9gekhez, szervezetekhez k\u00f6tni, mivel ennyi \u00faj f\u00e1t m\u00e1shogy nem lehet meg\u0151rizni, csak ha van, aki odafigyel r\u00e1. R\u00f6vidt\u00e1v\u00fa terveik k\u00f6z\u00f6tt szerepel az \u00f6nkorm\u00e1nyzati tulajdonban \u00e1ll\u00f3 z\u00f6ldter\u00fcleteknek, illetve k\u00f6zter\u00fcleteknek k\u00f6z\u00f6ss\u00e9gi f\u00e1s\u00edt\u00e1sa. Eddig el\u00e9rt eredm\u00e9ny, hogy vannak m\u00e1r ter\u00fcletek\u00a0lettek \u00e1ldozatos f\u00f6ldtulajdonosok, akik a saj\u00e1tjukat a k\u00f6znek adt\u00e1k.\u00a0A k\u00f6z\u00f6ss\u00e9ggel egy\u00fcttm\u0171k\u00f6dve kl\u00edmatudatos gazda aj\u00e1nlotta a k\u00f6znek 3,5 hekt\u00e1ros ter\u00fclet, ahol a k\u00f6z\u00f6ss\u00e9g 300.000 makkot vetett el.<\/p>\n<p>&nbsp;<\/p>\n<p><strong>FELHASZN\u00c1LT FORR\u00c1SOK<\/strong><\/p>\n<p><a href=\"https:\/\/eionet.kormany.hu\/fak\">https:\/\/eionet.kormany.hu\/fak<\/a><\/p>\n<p><a href=\"https:\/\/hu.wikipedia.org\/wiki\/Erd%C5%91irt%C3%A1s\">https:\/\/hu.wikipedia.org\/wiki\/Erd\u0151irt\u00e1s<\/a><\/p>\n<p><a href=\"https:\/\/tudasbazis.sulinet.hu\/HU\/szakkepzes\/egeszsegneveles\/kornyezettan\/a-talaj-szennyezodese-degradacioja\/az-erdoirtas-kovetkezmenyei\">https:\/\/tudasbazis.sulinet.hu\/HU\/szakkepzes\/egeszsegneveles\/kornyezettan\/a-talaj-szennyezodese-degradacioja\/az-erdoirtas-kovetkezmenyei<\/a><\/p>\n<p><a href=\"https:\/\/www.levego.hu\/sites\/default\/files\/kiadvany\/fak.htm\">https:\/\/www.levego.hu\/sites\/default\/files\/kiadvany\/fak.htm<\/a><\/p>\n<p><a href=\"https:\/\/hatvanezerfa.hu\/\">https:\/\/hatvanezerfa.hu<\/a><\/p>\n<p><a href=\"https:\/\/10milliofa.hu\/\">https:\/\/10milliofa.hu<\/a><\/p>\n<p><a href=\"https:\/\/orszagfasitas.hu\/\">https:\/\/orszagfasitas.hu<\/a><\/p>\n<p><a href=\"https:\/\/www.europarl.europa.eu\/news\/hu\/headlines\/society\/20170711STO79506\/klimavaltozas-az-erdok-vedelmevel-a-szen-dioxid-kibocsatas-ellensulyozasaert\">https:\/\/www.europarl.europa.eu\/news\/hu\/headlines\/society\/20170711STO79506\/klimavaltozas-az-erdok-vedelmevel-a-szen-dioxid-kibocsatas-ellensulyozasaert<\/a><\/p>\n","protected":false},"excerpt":{"rendered":"<p>J\u00e1szf\u00e9nyszaru V\u00e1ros \u00d6nkorm\u00e1nyzata a Kl\u00edmabar\u00e1t Telep\u00fcl\u00e9sek Sz\u00f6vets\u00e9g\u00e9vel konzorciumban \u201eKl\u00edmatudatoss\u00e1got er\u0151s\u00edt\u0151 szeml\u00e9letform\u00e1l\u00e1s J\u00e1szf\u00e9nyszarun\u201d c\u00edmmel (projektazonos\u00edt\u00f3: KEHOP-1.2.1-18-2018-00145) sikeresen p\u00e1ly\u00e1zott a Sz\u00e9chenyi 2020 K\u00f6rnyezeti \u00e9s Energiahat\u00e9konys\u00e1gi Operat\u00edv Program keret\u00e9ben, \u00edgy k\u00f6zel 20 milli\u00f3 forint vissza nem t\u00e9r\u00edtend\u0151 t\u00e1mogat\u00e1sb\u00f3l helyi kl\u00edmastrat\u00e9gia kidolgoz\u00e1s\u00e1ra, valamint a kl\u00edmatudatoss\u00e1got er\u0151s\u00edt\u0151 szeml\u00e9letform\u00e1l\u00e1si programok megval\u00f3s\u00edt\u00e1s\u00e1ra ker\u00fcl sor. A kl\u00edmav\u00e1ltoz\u00e1s, mint glob\u00e1lis k\u00f6rnyezeti probl\u00e9ma a civil &hellip; <a href=\"https:\/\/demojfsz.fenyszaru.hu\/aloldal_eu_2020\/web\/figyelemfelhivo-akcio\/\">Continued<\/a><\/p>\n","protected":false},"author":1,"featured_media":0,"parent":0,"menu_order":0,"comment_status":"closed","ping_status":"closed","template":"","meta":[],"_links":{"self":[{"href":"https:\/\/demojfsz.fenyszaru.hu\/aloldal_eu_2020\/web\/wp-json\/wp\/v2\/pages\/165"}],"collection":[{"href":"https:\/\/demojfsz.fenyszaru.hu\/aloldal_eu_2020\/web\/wp-json\/wp\/v2\/pages"}],"about":[{"href":"https:\/\/demojfsz.fenyszaru.hu\/aloldal_eu_2020\/web\/wp-json\/wp\/v2\/types\/page"}],"author":[{"embeddable":true,"href":"https:\/\/demojfsz.fenyszaru.hu\/aloldal_eu_2020\/web\/wp-json\/wp\/v2\/users\/1"}],"replies":[{"embeddable":true,"href":"https:\/\/demojfsz.fenyszaru.hu\/aloldal_eu_2020\/web\/wp-json\/wp\/v2\/comments?post=165"}],"version-history":[{"count":10,"href":"https:\/\/demojfsz.fenyszaru.hu\/aloldal_eu_2020\/web\/wp-json\/wp\/v2\/pages\/165\/revisions"}],"predecessor-version":[{"id":218,"href":"https:\/\/demojfsz.fenyszaru.hu\/aloldal_eu_2020\/web\/wp-json\/wp\/v2\/pages\/165\/revisions\/218"}],"wp:attachment":[{"href":"https:\/\/demojfsz.fenyszaru.hu\/aloldal_eu_2020\/web\/wp-json\/wp\/v2\/media?parent=165"}],"curies":[{"name":"wp","href":"https:\/\/api.w.org\/{rel}","templated":true}]}}