{"id":20,"date":"2020-07-16T11:38:03","date_gmt":"2020-07-16T11:38:03","guid":{"rendered":"http:\/\/kehop.nyxweb.pw\/?page_id=20"},"modified":"2022-04-29T20:24:31","modified_gmt":"2022-04-29T18:24:31","slug":"klimastrategia","status":"publish","type":"page","link":"https:\/\/demojfsz.fenyszaru.hu\/aloldal_eu_2020\/web\/klimastrategia\/","title":{"rendered":"Kl\u00edmastrat\u00e9gia"},"content":{"rendered":"\r\n<h2>\u00a0<\/h2>\r\n<h2><strong>A kl\u00edmastrat\u00e9gi\u00e1r\u00f3l<\/strong><\/h2>\r\n<p>M\u00edg a kl\u00edmav\u00e1ltoz\u00e1s m\u00e9rs\u00e9kl\u00e9se glob\u00e1lis \u00f6sszefog\u00e1ssal \u00e9rhet\u0151 el, addig a kedvez\u0151tlen hat\u00e1sokra val\u00f3 felk\u00e9sz\u00fcl\u00e9s \u2013 a hat\u00e1sok jelleg\u00e9nek \u00e9s m\u00e9rt\u00e9k\u00e9nek nagym\u00e9rt\u00e9k\u0171 ter\u00fcleti differenci\u00e1lts\u00e1ga eredm\u00e9nyek\u00e9ppen \u2013 min\u00e9l alacsonyabb ter\u00fcleti szinten val\u00f3s\u00edthat\u00f3 meg a leghat\u00e9konyabban. Kiemelten fontos ez\u00e9rt a t\u00e9rs\u00e9gi \u00e9s helyi szint\u0171, \u00edgy a telep\u00fcl\u00e9si szint\u0171 kl\u00edmastrat\u00e9gia kidolgoz\u00e1sa, az \u00e9ghajlatv\u00e1ltoz\u00e1shoz val\u00f3 alkalmazkod\u00e1st el\u0151seg\u00edt\u0151 helyi kapacit\u00e1sok meger\u0151s\u00edt\u00e9se.<\/p>\r\n<p>Az \u00e9ghajlatv\u00e1ltoz\u00e1s hat\u00e9kony kezel\u00e9s\u00e9hez nem el\u00e9g a m\u00e1r bek\u00f6vetkezett k\u00e1rok kezel\u00e9se, hanem tervezetten kell fell\u00e9pni a kibocs\u00e1t\u00e1sok cs\u00f6kkent\u00e9s\u00e9\u00e9rt, tov\u00e1bb\u00e1 el\u0151rel\u00e1t\u00f3an felk\u00e9sz\u00fclni a v\u00e1rhat\u00f3 hat\u00e1sokra. Ezt a tudatos felk\u00e9sz\u00fcl\u00e9st, a tev\u00e9kenys\u00e9gek tervezett v\u00e9grehajt\u00e1s\u00e1t \u00e9s az eredm\u00e9nyek nyomon k\u00f6vet\u00e9s\u00e9t szolg\u00e1lja a v\u00e1rosi szint\u0171 \u00e9ghajlatpolitikai tervez\u00e9s. A tervez\u00e9si folyamat eredm\u00e9nyek\u00e9nt &#8211; a Kl\u00edmabar\u00e1t Telep\u00fcl\u00e9sek Sz\u00f6vets\u00e9ge \u00e1ltal kidolgozott <a href=\"http:\/\/www.klimabarat.hu\/images\/tudastar\/8\/kepek\/KBTSZ_modszertanfejl_VaROS_180226.pdf\">m\u00f3dszertan<\/a> alapj\u00e1n &#8211; elk\u00e9sz\u00fcl\u0151 v\u00e1rosi kl\u00edmastrat\u00e9gia mag\u00e1ban foglalja a v\u00e1ros alkalmazkod\u00e1si \u00e9s kibocs\u00e1t\u00e1scs\u00f6kkent\u00e9si t\u00f6rekv\u00e9seit \u00e9s beavatkoz\u00e1sait, az ezek megval\u00f3s\u00edt\u00e1s\u00e1hoz sz\u00fcks\u00e9ges eszk\u00f6z\u00f6ket, forr\u00e1sokat \u00e9s int\u00e9zm\u00e9nyi strukt\u00far\u00e1t, valamint a strat\u00e9gia megval\u00f3s\u00edt\u00e1s\u00e1nak nyomon k\u00f6vet\u00e9s\u00e9t is.<\/p>\r\n<p>A kl\u00edmastrat\u00e9gia elk\u00e9sz\u00edt\u00e9se k\u00e9t l\u00e9pcs\u0151ben val\u00f3sul meg. Els\u0151 k\u00f6rben egy tervezet ker\u00fcl kidolgoz\u00e1sra, mely rendelkez\u00e9sre \u00e1ll\u00e1s\u00e1t k\u00f6vet\u0151en megkezd\u0151dik a kl\u00edmastrat\u00e9gia tervezet\u00e9nek megismertet\u00e9se a partnerszervezetekkel, a tervez\u00e9sbe bevont szervezetekkel, illetve hat\u00f3s\u00e1gokkal. A t\u00e1rsadalmas\u00edt\u00e1s r\u00e9sze a telep\u00fcl\u00e9si \u00e9ghajlat-v\u00e1ltoz\u00e1si kerekasztal \u00fcl\u00e9s, illetve a tervezet k\u00e9pvisel\u0151 test\u00fclet \u00e1ltali megvitat\u00e1sa is.<\/p>\r\n<p>A telep\u00fcl\u00e9si kl\u00edmastrat\u00e9gi\u00e1knak tov\u00e1bb\u00e1 igazodni kell a <a href=\"http:\/\/klima.jnszm.hu\/klima-strategia\/\">megyei kl\u00edmastrat\u00e9gi\u00e1hoz<\/a>, ennek \u00e9rdek\u00e9ben a kl\u00edmastrat\u00e9gia kidolgoz\u00e1s\u00e1n\u00e1l k\u00f6telez\u0151 az igazolt konzult\u00e1ci\u00f3 a <a href=\"http:\/\/www.jnszm.hu\">J\u00e1sz-Nagykun-Szolnok Megyei \u00d6nkorm\u00e1nyzattal<\/a>, a m\u00e1r kor\u00e1bban l\u00e9trej\u00f6tt <a href=\"http:\/\/klima.jnszm.hu\/klima-platform\/\">Megyei Kl\u00edmaplatformon<\/a> kereszt\u00fcl.<\/p>\r\n<p>A projekt v\u00e9grehajt\u00e1sa sor\u00e1n a m\u00f3dszertani \u00fatmutat\u00f3nak val\u00f3 megfelel\u00e9st \u00e9s a megyei \u00f6nkorm\u00e1nyzattal a Megyei Kl\u00edmaplatformon kereszt\u00fcl t\u00f6rt\u00e9nt konzult\u00e1ci\u00f3t a <a href=\"https:\/\/www.palyazat.gov.hu\">T\u00e1mogat\u00f3<\/a> ellen\u0151rzi.<\/p>\r\n<p>A t\u00e1rsadalmas\u00edt\u00e1st k\u00f6vet\u0151en a tervez\u0151k a sz\u00fcks\u00e9ges m\u00f3dos\u00edt\u00e1sokat \u00e1tvezetik, majd a kl\u00edmastrat\u00e9gi\u00e1t a projekt szakmai z\u00e1r\u00e1sa k\u00f6r\u00e9ben az Ir\u00e1ny\u00edt\u00f3 Hat\u00f3s\u00e1g, majd a k\u00f6zgy\u0171l\u00e9s fogadja el.<\/p>\r\n<h2><strong>A Kl\u00edmastrat\u00e9gia megalkot\u00e1s\u00e1nak keretrendszere<\/strong><\/h2>\r\n<p class=\"p3\">A telep\u00fcl\u00e9si, t\u00f6bb telep\u00fcl\u00e9sre kiterjed\u0151 telep\u00fcl\u00e9s-egy\u00fcttesi strat\u00e9gi\u00e1k k\u00f6telez\u0151 m\u00f3dszertan alapj\u00e1n k\u00e9sz\u00fclnek, \u00f6sszhangban a nemzeti \u00e9s megyei kl\u00edmstrat\u00e9gi\u00e1kkal. A KEHOP-1.2.0-15-2016-00001 azonos\u00edt\u00f3 sz\u00e1m\u00fa \u201eSzakmai h\u00e1tt\u00e9rt\u00e1mogat\u00e1s biztos\u00edt\u00e1sa \u00e9s koordin\u00e1ci\u00f3 a helyi kl\u00edmastrat\u00e9gi\u00e1kban\u201d c. projekt keret\u00e9ben a <a href=\"http:\/\/www.klimabarat.hu\">Kl\u00edmabar\u00e1t Telep\u00fcl\u00e9sek Sz\u00f6vets\u00e9ge<\/a> \u2013 <a href=\"https:\/\/nakfo.mbfsz.gov.hu\">a Magyar B\u00e1ny\u00e1szati \u00e9s F\u00f6ldtani Szolg\u00e1lat Nemzeti Alkalmazkod\u00e1si K\u00f6zpont F\u0151oszt\u00e1lya<\/a> szakmai r\u00e9szv\u00e9tel\u00e9vel \u2013 n\u00e9gy telep\u00fcl\u00e9s-t\u00edpusra k\u00e9sz\u00edtett <a href=\"http:\/\/www.klimabarat.hu\/tudastar\">m\u00f3dszertani \u00fatmutat\u00f3t<\/a> t\u00e9rs\u00e9gi \u00e9s telep\u00fcl\u00e9si kl\u00edmastrat\u00e9gi\u00e1k kidolgoz\u00e1s\u00e1hoz: megy\u00e9k, f\u0151v\u00e1ros \u00e9s ker\u00fcletei, v\u00e1rosok, k\u00f6zs\u00e9gek \u00e9s telep\u00fcl\u00e9segy\u00fcttesek. Az \u00fatmutat\u00f3k egys\u00e9ges tartalmi fel\u00e9p\u00edt\u00e9st \u00edrnak el\u0151, valamint r\u00e9szletes ir\u00e1nymutat\u00e1st adnak, t\u00f6bbek k\u00f6z\u00f6tt az \u00dcHG lelt\u00e1r, a mitig\u00e1ci\u00f3s potenci\u00e1l, az \u00e9ghajlati s\u00e9r\u00fcl\u00e9kenys\u00e9gvizsg\u00e1lat \u00e9s az alkalmazkod\u00e1si probl\u00e9mak\u00f6r\u00f6k lehat\u00e1rol\u00e1s\u00e1ra.<\/p>\r\n<p class=\"p3\">A strat\u00e9gi\u00e1k magukba foglalj\u00e1k a kl\u00edmav\u00e1ltoz\u00e1sra adhat\u00f3 v\u00e1laszok mindh\u00e1rom f\u0151 ir\u00e1ny\u00e1t: a mitig\u00e1ci\u00f3t (\u00dcHG kibocs\u00e1ts cs\u00f6kkent\u00e9se), az adapt\u00e1ci\u00f3t \u00e9s a szeml\u00e9letform\u00e1l\u00e1st.<\/p>\r\n<p class=\"p3\">A kl\u00edmastrat\u00e9gia k\u00e9sz\u00edt\u00e9se sor\u00e1n a k\u00f6vetkez\u0151 l\u00e9p\u00e9sek k\u00f6vet\u00e9se javasolt:<\/p>\r\n<ul>\r\n<li class=\"p3\">A helyzetelemz\u00e9shez sz\u00fcks\u00e9ges \u00dcHG lelt\u00e1r elk\u00e9sz\u00edt\u00e9se<\/li>\r\n<li class=\"p3\">Az alkalmazkod\u00e1si helyzet\u00e9rt\u00e9kel\u00e9s elk\u00e9sz\u00edt\u00e9se (Telep\u00fcl\u00e9si Alkalmazkod\u00e1si Barom\u00e9ter seg\u00edts\u00e9g\u00e9vel) \u00e9s a telep\u00fcl\u00e9st \u00e9rint\u0151 jelent\u0151s \u00e9ghajlatv\u00e1ltoz\u00e1si probl\u00e9mak\u00f6r\u00f6k \u00e9s az azokb\u00f3l fakad\u00f3 hat\u00e1sok elemz\u00e9se<\/li>\r\n<li class=\"p3\">A kl\u00edmav\u00e1ltoz\u00e1s szempontj\u00e1b\u00f3l vesz\u00e9lyeztetett helyi \u00e9rt\u00e9kek \u00f6sszegy\u0171jt\u00e9se<\/li>\r\n<li class=\"p3\">A telep\u00fcl\u00e9s lakoss\u00e1g\u00e1nak kl\u00edma- \u00e9s energiatudatoss\u00e1gi, szeml\u00e9letform\u00e1l\u00e1si<\/li>\r\n<li class=\"p3\">helyzet\u00e9rt\u00e9kel\u00e9s\u00e9nek elk\u00e9sz\u00edt\u00e9se<\/li>\r\n<li class=\"p3\">SWOT anal\u00edzis \u00e9s probl\u00e9mafa, ami el\u0151seg\u00edti a c\u00e9lok meghat\u00e1roz\u00e1s\u00e1t<\/li>\r\n<li class=\"p3\">Egy egys\u00e9ges j\u00f6v\u0151k\u00e9p meghat\u00e1roz\u00e1sa<\/li>\r\n<li class=\"p3\">A c\u00e9lokhoz beavatkoz\u00e1sok rendel\u00e9se<\/li>\r\n<li class=\"p3\">A v\u00e9grehajt\u00e1s keretrendszer\u00e9nek meghat\u00e1roz\u00e1sa<\/li>\r\n<\/ul>\r\n<p class=\"p3\">Az \u00fatmutat\u00f3k egy\u00fattal az elk\u00e9sz\u00fclt megyei \u00e9s telep\u00fcl\u00e9si kl\u00edmastrat\u00e9gi\u00e1k min\u0151s\u00e9gbiztos\u00edt\u00e1s\u00e1nak is alapj\u00e1t k\u00e9pezik. Az \u00fatmutat\u00f3k szerint k\u00e9sz\u00fclt megyei \u00e9s telep\u00fcl\u00e9si strat\u00e9gi\u00e1k k\u00f6z\u00f6s indik\u00e1torokat \u00e9s v\u00e9grehajt\u00e1si keretrendszert tartalmaznak, \u00edgy a k\u00e9s\u0151bbiekben v\u00e9grehajt\u00e1suk nyomonk\u00f6vet\u00e9se is lehet\u0151v\u00e9 v\u00e1lik.<\/p>\r\n<p class=\"p3\">A telep\u00fcl\u00e9si kl\u00edmastrat\u00e9gi\u00e1knak tov\u00e1bb\u00e1 igazodni kell a megyei kl\u00edmastrat\u00e9gi\u00e1khoz, ennek \u00e9rdek\u00e9ben a kl\u00edmastrat\u00e9gi\u00e1k kidolgoz\u00e1s\u00e1n\u00e1l k\u00f6telez\u0151 az igazolt konzult\u00e1ci\u00f3 a megyei \u00f6nkorm\u00e1nyzatokkal, budapesti a fel\u00e1ll\u00edtott Megyei Kl\u00edmaplatformokon kereszt\u00fcl.<\/p>\r\n<p class=\"p3\">A kl\u00edmastrat\u00e9gia kidolgoz\u00e1s\u00e1n\u00e1l\/\u00e1tdolgoz\u00e1s\u00e1n\u00e1l, illetve a kl\u00edmaakci\u00f3terv \u00e1tdolgoz\u00e1s\u00e1n\u00e1l a lakoss\u00e1g igazolt bevon\u00e1sa a tervez\u00e9s korai szakasz\u00e1t\u00f3l kezdve elv\u00e1r\u00e1s.<\/p>\r\n","protected":false},"excerpt":{"rendered":"<p>\u00a0 A kl\u00edmastrat\u00e9gi\u00e1r\u00f3l M\u00edg a kl\u00edmav\u00e1ltoz\u00e1s m\u00e9rs\u00e9kl\u00e9se glob\u00e1lis \u00f6sszefog\u00e1ssal \u00e9rhet\u0151 el, addig a kedvez\u0151tlen hat\u00e1sokra val\u00f3 felk\u00e9sz\u00fcl\u00e9s \u2013 a hat\u00e1sok jelleg\u00e9nek \u00e9s m\u00e9rt\u00e9k\u00e9nek nagym\u00e9rt\u00e9k\u0171 ter\u00fcleti differenci\u00e1lts\u00e1ga eredm\u00e9nyek\u00e9ppen \u2013 min\u00e9l alacsonyabb ter\u00fcleti szinten val\u00f3s\u00edthat\u00f3 meg a leghat\u00e9konyabban. Kiemelten fontos ez\u00e9rt a t\u00e9rs\u00e9gi \u00e9s helyi szint\u0171, \u00edgy a telep\u00fcl\u00e9si szint\u0171 kl\u00edmastrat\u00e9gia kidolgoz\u00e1sa, az \u00e9ghajlatv\u00e1ltoz\u00e1shoz val\u00f3 alkalmazkod\u00e1st el\u0151seg\u00edt\u0151 &hellip; <a href=\"https:\/\/demojfsz.fenyszaru.hu\/aloldal_eu_2020\/web\/klimastrategia\/\">Continued<\/a><\/p>\n","protected":false},"author":1,"featured_media":0,"parent":0,"menu_order":0,"comment_status":"closed","ping_status":"closed","template":"views\/template-climate-strategy.blade.php","meta":[],"_links":{"self":[{"href":"https:\/\/demojfsz.fenyszaru.hu\/aloldal_eu_2020\/web\/wp-json\/wp\/v2\/pages\/20"}],"collection":[{"href":"https:\/\/demojfsz.fenyszaru.hu\/aloldal_eu_2020\/web\/wp-json\/wp\/v2\/pages"}],"about":[{"href":"https:\/\/demojfsz.fenyszaru.hu\/aloldal_eu_2020\/web\/wp-json\/wp\/v2\/types\/page"}],"author":[{"embeddable":true,"href":"https:\/\/demojfsz.fenyszaru.hu\/aloldal_eu_2020\/web\/wp-json\/wp\/v2\/users\/1"}],"replies":[{"embeddable":true,"href":"https:\/\/demojfsz.fenyszaru.hu\/aloldal_eu_2020\/web\/wp-json\/wp\/v2\/comments?post=20"}],"version-history":[{"count":8,"href":"https:\/\/demojfsz.fenyszaru.hu\/aloldal_eu_2020\/web\/wp-json\/wp\/v2\/pages\/20\/revisions"}],"predecessor-version":[{"id":445,"href":"https:\/\/demojfsz.fenyszaru.hu\/aloldal_eu_2020\/web\/wp-json\/wp\/v2\/pages\/20\/revisions\/445"}],"wp:attachment":[{"href":"https:\/\/demojfsz.fenyszaru.hu\/aloldal_eu_2020\/web\/wp-json\/wp\/v2\/media?parent=20"}],"curies":[{"name":"wp","href":"https:\/\/api.w.org\/{rel}","templated":true}]}}