{"id":222,"date":"2020-11-09T19:45:00","date_gmt":"2020-11-09T17:45:00","guid":{"rendered":"https:\/\/jaszfenyszaru.kehop.roi.dev\/?page_id=222"},"modified":"2021-11-02T21:52:25","modified_gmt":"2021-11-02T19:52:25","slug":"workshopok","status":"publish","type":"page","link":"https:\/\/demojfsz.fenyszaru.hu\/aloldal_eu_2020\/web\/workshopok\/","title":{"rendered":"Workshopok"},"content":{"rendered":"<p>2020-ra a kl\u00edmav\u00e1ltoz\u00e1s lett az egyik legkiemeltebb glob\u00e1lis k\u00f6rnyezeti probl\u00e9ma a F\u00f6ld\u00f6n. A kl\u00edmav\u00e1ltoz\u00e1s t\u00f6rt\u00e9nhet a F\u00f6ld\u00f6n v\u00e9gbemen\u0151 term\u00e9szetes folyamatok k\u00f6vetkezm\u00e9nyek\u00e9nt, vagy a bolyg\u00f3t \u00e9r\u0151 k\u00fcls\u0151 hat\u00e1sok eredm\u00e9nyek\u00e9ppen is, azonban ami most zajlik, abban az emberi tev\u00e9kenys\u00e9g is szerepet j\u00e1tszik.<\/p>\n<p>A kl\u00edmav\u00e1ltoz\u00e1s f\u0151 oka: az \u00fan. \u00fcvegh\u00e1zhat\u00e1s\u00fa g\u00e1zok (\u00dcHG) l\u00e9gk\u00f6ri mennyis\u00e9g\u00e9nek jelent\u0151s n\u00f6veked\u00e9se, mely k\u00f6vetkezm\u00e9nyek\u00e9nt az \u00fcvegh\u00e1zhat\u00e1s fokoz\u00f3dik, ez pedig glob\u00e1lis felmeleged\u00e9shez (a F\u00f6ld \u00e1tlagh\u0151m\u00e9rs\u00e9klet\u00e9nek n\u00f6veked\u00e9s\u00e9hez) vezet.<\/p>\n<p>A glob\u00e1lis felmeleged\u00e9s k\u00f6vetkezm\u00e9nye a glob\u00e1lis \u00e9ghajlatv\u00e1ltoz\u00e1s, ami a F\u00f6ld \u00e9ghajlat\u00e1nak jelent\u0151s m\u00e9rt\u00e9k\u0171, tart\u00f3s megv\u00e1ltoz\u00e1s\u00e1t jelenti. Az \u00e9ghajlatv\u00e1ltoz\u00e1s fokozza az id\u0151j\u00e1r\u00e1s v\u00e1ltoz\u00e9konys\u00e1g\u00e1t, az \u00e9ghajlatv\u00e1ltoz\u00e1s kiv\u00e1ltja \u00e9s\/vagy feler\u0151s\u00edti a sz\u00e9ls\u0151s\u00e9geket, \u00edgy egyre t\u00f6bb a sz\u00e9ls\u0151s\u00e9ges id\u0151j\u00e1r\u00e1si jelens\u00e9g \u00e9s a term\u00e9szeti katasztr\u00f3fa, melyek mind mind a kl\u00edmav\u00e1ltoz\u00e1ssal hozhat\u00f3k \u00f6sszef\u00fcgg\u00e9sbe.<\/p>\n<ul>\n<li>sz\u00e9ls\u0151s\u00e9gesen magas h\u0151m\u00e9rs\u00e9kletek, h\u0151hull\u00e1mok<\/li>\n<li>sz\u00e9ls\u0151s\u00e9gesen alacsony h\u0151m\u00e9rs\u00e9kletek<\/li>\n<li>kev\u00e9s ny\u00e1ri csapad\u00e9k, sz\u00e1razs\u00e1g \/ asz\u00e1ly<\/li>\n<li>intenz\u00edv csapad\u00e9k \u00e9s vill\u00e1m\u00e1rv\u00edz<\/li>\n<li>\u00e1rv\u00edz<\/li>\n<li>belv\u00edz<\/li>\n<li>t\u00f6megmozg\u00e1sok, talajcsuszaml\u00e1s<\/li>\n<li>viharok (sz\u00e9ls\u0151s\u00e9ges erej\u0171 sz\u00e9l \u00e9s vill\u00e1mtev\u00e9kenys\u00e9g)<\/li>\n<li>h\u00f3viharok<\/li>\n<li>j\u00e9ges\u0151k<\/li>\n<li>sz\u00e1razs\u00e1ghoz k\u00f6thet\u0151 t\u00fczek<\/li>\n<\/ul>\n<p>Az \u00e9ghajlatpolitik\u00e1nak h\u00e1rom pill\u00e9re van: az \u00fcvegh\u00e1zhat\u00e1s\u00fa g\u00e1zok kibocs\u00e1t\u00e1s\u00e1nak cs\u00f6kkent\u00e9se (mitig\u00e1ci\u00f3), a m\u00e1r elker\u00fclhetetlen hat\u00e1sokhoz val\u00f3 alkalmazkod\u00e1s (adapt\u00e1ci\u00f3), valamint az el\u0151z\u0151 kett\u0151 el\u00e9r\u00e9s\u00e9hez sz\u00fcks\u00e9ges tud\u00e1s, tudatoss\u00e1g, \u00e9letm\u00f3d kialak\u00edt\u00e1s\u00e1t szolg\u00e1l\u00f3 szeml\u00e9letform\u00e1l\u00e1s. Minden esetben e beavatkoz\u00e1si ter\u00fcletek egy\u00fcttes alkalmaz\u00e1s\u00e1ra van sz\u00fcks\u00e9g az \u00e9ghajlatv\u00e1ltoz\u00e1s \u00e9s hat\u00e1sai elleni fell\u00e9p\u00e9s \u00e9rdek\u00e9ben.<\/p>\n<p><em><strong>A Kl\u00edmabar\u00e1t Telep\u00fcl\u00e9sek Sz\u00f6vets\u00e9ge \u00e1ltal elk\u00e9sz\u00edtett m\u00f3dszertani \u00fatmutat\u00f3 alapj\u00e1n k\u00e9sz\u00fcl\u0151 telep\u00fcl\u00e9si kl\u00edmastrat\u00e9gi\u00e1val p\u00e1rhuzamosan a projekt megval\u00f3s\u00edt\u00e1sa sor\u00e1n 5 db workshop ker\u00fcl megrendez\u00e9sre oktat\u00e1si-, civil-, gazdas\u00e1gi-, \u00f6nkorm\u00e1nyzati szerepl\u0151k, illetve a lakoss\u00e1g r\u00e9sz\u00e9re.<\/strong><\/em><\/p>\n<p><em><strong>A fenti rendezv\u00e9nyeken egy interakt\u00edv besz\u00e9lget\u00e9s keret\u00e9ben a kl\u00edmav\u00e1ltoz\u00e1ssal kapcsolatos \u00f6sszef\u00fcgg\u00e9sek \u00e9s probl\u00e9m\u00e1k felismertet\u00e9se, az ezeket a hat\u00e1sokat cs\u00f6kkent\u0151 megold\u00e1sok felt\u00e1r\u00e1sa \u00e9s a r\u00e9sztvev\u0151k r\u00e9sz\u00e9re a j\u00f3 gyakorlatok megismertet\u00e9se a c\u00e9l, azaz a kl\u00edmav\u00e1ltoz\u00e1shoz t\u00f6rt\u00e9n\u0151 alkalmazkod\u00e1ssal kapcsolatos tud\u00e1smegoszt\u00e1s, tapasztalatcsere, egy\u00e9ni megold\u00e1sok \u00e9s saj\u00e1t \u00f6tletek megbesz\u00e9l\u00e9se \u00e9s gyakorlatba val\u00f3 \u00e1t\u00fcltet\u00e9se.<\/strong><\/em><\/p>\n<p><strong>INT\u00c9ZM\u00c9NYI, TELEP\u00dcL\u00c9SI INTERAKT\u00cdV TEMATIKUS SZEML\u00c9LETFORM\u00c1L\u00c1SI PROGRAMSOROZAT WORKSHOP \u00d6NKORM\u00c1NYZATI MUNKAT\u00c1RSAK R\u00c9SZ\u00c9RE<br \/>\n<\/strong><br \/>\n<u>A workshop id\u0151pontja:<\/u> 2020. augusztus 25. (kedd) 13.00-15.00<br \/>\n<u>A workshop helysz\u00edne:<\/u> J\u00e1szf\u00e9nyszarui K\u00f6z\u00f6s \u00d6nkorm\u00e1nyzati Hivatal, 5126 J\u00e1szf\u00e9nyszaru, Szabads\u00e1g t\u00e9r 1. (D\u00edszterem)<\/p>\n<p><strong>INT\u00c9ZM\u00c9NYI, TELEP\u00dcL\u00c9SI INTERAKT\u00cdV TEMATIKUS SZEML\u00c9LETFORM\u00c1L\u00c1SI PROGRAMSOROZAT WORKSHOP PEDAG\u00d3GUSOK R\u00c9SZ\u00c9RE<\/strong><\/p>\n<p><u>A workshop id\u0151pontja:<\/u> 2020. augusztus 25. (kedd) 10.00-12.00<br \/>\n<u>A workshop helysz\u00edne:\u00a0<\/u>B\u00e9la Katolikus \u00c1ltal\u00e1nos Iskola \u00e9s Alapfok\u00fa M\u0171v\u00e9szeti Iskola, 5126 J\u00e1szf\u00e9nyszaru, Szabads\u00e1g \u00fat 32.<\/p>\n<p><strong>M\u00e9diakamp\u00e1ny \u2013 Kapcsol\u00f3d\u00f3 h\u00edrek:<\/strong><\/p>\n<p><a href=\"https:\/\/jaszfenyszaru.hu\/miujsagfenyszarun\/jaszfenyszaru_2020_JUL_28oldal_LQ.pdf\"><em>Mi \u00fajs\u00e1g F\u00e9nyszarun? XXXI. \u00e9vfolyam 7. sz\u00e1m: 2020\/07. H\u00edrlev\u00e9l<\/em><\/a><\/p>\n","protected":false},"excerpt":{"rendered":"<p>2020-ra a kl\u00edmav\u00e1ltoz\u00e1s lett az egyik legkiemeltebb glob\u00e1lis k\u00f6rnyezeti probl\u00e9ma a F\u00f6ld\u00f6n. A kl\u00edmav\u00e1ltoz\u00e1s t\u00f6rt\u00e9nhet a F\u00f6ld\u00f6n v\u00e9gbemen\u0151 term\u00e9szetes folyamatok k\u00f6vetkezm\u00e9nyek\u00e9nt, vagy a bolyg\u00f3t \u00e9r\u0151 k\u00fcls\u0151 hat\u00e1sok eredm\u00e9nyek\u00e9ppen is, azonban ami most zajlik, abban az emberi tev\u00e9kenys\u00e9g is szerepet j\u00e1tszik. A kl\u00edmav\u00e1ltoz\u00e1s f\u0151 oka: az \u00fan. \u00fcvegh\u00e1zhat\u00e1s\u00fa g\u00e1zok (\u00dcHG) l\u00e9gk\u00f6ri mennyis\u00e9g\u00e9nek jelent\u0151s n\u00f6veked\u00e9se, mely k\u00f6vetkezm\u00e9nyek\u00e9nt &hellip; <a href=\"https:\/\/demojfsz.fenyszaru.hu\/aloldal_eu_2020\/web\/workshopok\/\">Continued<\/a><\/p>\n","protected":false},"author":1,"featured_media":0,"parent":0,"menu_order":0,"comment_status":"closed","ping_status":"closed","template":"views\/template-awareness.blade.php","meta":[],"_links":{"self":[{"href":"https:\/\/demojfsz.fenyszaru.hu\/aloldal_eu_2020\/web\/wp-json\/wp\/v2\/pages\/222"}],"collection":[{"href":"https:\/\/demojfsz.fenyszaru.hu\/aloldal_eu_2020\/web\/wp-json\/wp\/v2\/pages"}],"about":[{"href":"https:\/\/demojfsz.fenyszaru.hu\/aloldal_eu_2020\/web\/wp-json\/wp\/v2\/types\/page"}],"author":[{"embeddable":true,"href":"https:\/\/demojfsz.fenyszaru.hu\/aloldal_eu_2020\/web\/wp-json\/wp\/v2\/users\/1"}],"replies":[{"embeddable":true,"href":"https:\/\/demojfsz.fenyszaru.hu\/aloldal_eu_2020\/web\/wp-json\/wp\/v2\/comments?post=222"}],"version-history":[{"count":14,"href":"https:\/\/demojfsz.fenyszaru.hu\/aloldal_eu_2020\/web\/wp-json\/wp\/v2\/pages\/222\/revisions"}],"predecessor-version":[{"id":422,"href":"https:\/\/demojfsz.fenyszaru.hu\/aloldal_eu_2020\/web\/wp-json\/wp\/v2\/pages\/222\/revisions\/422"}],"wp:attachment":[{"href":"https:\/\/demojfsz.fenyszaru.hu\/aloldal_eu_2020\/web\/wp-json\/wp\/v2\/media?parent=222"}],"curies":[{"name":"wp","href":"https:\/\/api.w.org\/{rel}","templated":true}]}}