{"id":24,"date":"2020-07-16T11:38:44","date_gmt":"2020-07-16T11:38:44","guid":{"rendered":"http:\/\/kehop.nyxweb.pw\/?page_id=24"},"modified":"2022-04-16T11:27:43","modified_gmt":"2022-04-16T09:27:43","slug":"tanulmanyi-versenyek","status":"publish","type":"page","link":"https:\/\/demojfsz.fenyszaru.hu\/aloldal_eu_2020\/web\/tanulmanyi-versenyek\/","title":{"rendered":"Tanulm\u00e1nyi versenyek"},"content":{"rendered":"<p style=\"text-align: center;\"><strong>P\u00e1ly\u00e1zati Felh\u00edv\u00e1s<\/strong><\/p>\n<p style=\"text-align: center;\"><em>Rajzp\u00e1ly\u00e1zat \u00e9ghajlatv\u00e1ltoz\u00e1s \u00e9s kl\u00edmav\u00e9delem J\u00e1szf\u00e9nyszaru t\u00e9rs\u00e9g\u00e9ben c\u00edmmel k\u00f6z\u00e9piskol\u00e1k r\u00e9sz\u00e9re<\/em><\/p>\n<p><strong><em>J\u00e1szf\u00e9nyszaru V\u00e1ros \u00d6nkorm\u00e1nyzata a Kl\u00edmabar\u00e1t Telep\u00fcl\u00e9sek Sz\u00f6vets\u00e9g\u00e9vel konzorciumban \u201eKl\u00edmatudatoss\u00e1got er\u0151s\u00edt\u0151 szeml\u00e9letform\u00e1l\u00e1s J\u00e1szf\u00e9nyszarun\u201d c\u00edmmel (projektazonos\u00edt\u00f3: KEHOP-1.2.1-18-2018-00145) sikeresen p\u00e1ly\u00e1zott a Sz\u00e9chenyi 2020 K\u00f6rnyezeti \u00e9s Energiahat\u00e9konys\u00e1gi Operat\u00edv Program keret\u00e9ben, \u00edgy k\u00f6zel 20 milli\u00f3 forint vissza nem t\u00e9r\u00edtend\u0151 t\u00e1mogat\u00e1sb\u00f3l helyi kl\u00edmastrat\u00e9gia kidolgoz\u00e1s\u00e1ra, valamint a kl\u00edmatudatoss\u00e1got er\u0151s\u00edt\u0151 szeml\u00e9letform\u00e1l\u00e1si programok megval\u00f3s\u00edt\u00e1s\u00e1ra ker\u00fcl sor.<\/em><\/strong><\/p>\n<p>A projektr\u0151l b\u0151vebb inform\u00e1ci\u00f3t a <a href=\"http:\/\/www.jaszfenyszaru.hu\">www.jaszfenyszaru.hu<\/a> oldalon olvashatnak.<\/p>\n<p><strong>1. A p\u00e1ly\u00e1zat ki\u00edr\u00f3ja, szervez\u0151je<\/strong><\/p>\n<p>A rajzp\u00e1ly\u00e1zat \u00e9ghajlatv\u00e1ltoz\u00e1s \u00e9s kl\u00edmav\u00e9delem J\u00e1szf\u00e9nyszarun t\u00e9mak\u00f6rben J\u00e1szf\u00e9nyszaru V\u00e1ros \u00d6nkorm\u00e1nyzata \u00e9s a Kl\u00edmabar\u00e1t Telep\u00fcl\u00e9sek Sz\u00f6vets\u00e9ge, mint a fent hivatkozott KEHOP-1.2.1 p\u00e1ly\u00e1zatot konzorciumban megval\u00f3s\u00edt\u00f3 Projektgazd\u00e1k \u00e1ltal ker\u00fcl ki\u00edr\u00e1sra \u00e9s lebonyol\u00edt\u00e1sra. A p\u00e1ly\u00e1zat megval\u00f3s\u00edt\u00e1s\u00e1ban r\u00e9szt vesz tov\u00e1bb\u00e1 a Magyar Innov\u00e1ci\u00f3 \u00e9s Hat\u00e9konys\u00e1g Nonprofit Kft. PontVelem Nonprofit Kft. \u00e9s a F\u00e9nyk\u00f6rk\u00f6z\u00f6ss\u00e9g Kutat\u00e1si \u00e9s Fejleszt\u00e9si K\u00f6zpont Nonprofit Kft. mint szakmai egy\u00fcttm\u0171k\u00f6d\u0151 partner.<\/p>\n<p>&nbsp;<\/p>\n<p><strong>2. A p\u00e1ly\u00e1zatr\u00f3l<\/strong><\/p>\n<p>&nbsp;<\/p>\n<p>2020-ra a kli\u0301mava\u0301ltoza\u0301s lett az egyik legkiemeltebb glob\u00e1lis k\u00f6rnyezeti probl\u00e9ma a F\u00f6ld\u00f6n. Ennek t\u00f6bb hat\u00e1s\u00e1t m\u00e1r \u00e9vek \u00f3ta \u00e9rz\u00e9kelj\u00fck, l\u00e1thatjuk: a F\u00f6ld \u00e1tlagh\u0151m\u00e9rs\u00e9klete n\u0151, ez\u00e1ltal a sarki \u00e9s magashegys\u00e9gi j\u00e9gtakar\u00f3k \u00e9s gleccserek olvadnak, fel\u00fclet\u00fck cs\u00f6kken, hat\u00e1sak\u00e9nt emelkedik a tengerszint, emellett egyre t\u00f6bb a sz\u00e9ls\u0151s\u00e9ges id\u0151j\u00e1r\u00e1si jelens\u00e9g \u00e9s term\u00e9szeti katasztr\u00f3fa, melyek a kli\u0301mava\u0301ltoza\u0301ssal hozhat\u00f3k o\u0308sszefu\u0308gge\u0301sbe.<\/p>\n<p>A legt\u00f6bb tudom\u00e1nyos kutat\u00e1s alapj\u00e1n a F\u00f6ld kl\u00edm\u00e1j\u00e1nak jelenlegi v\u00e1ltoz\u00e1s\u00e1t \u2013 mely alapvet\u0151en term\u00e9szetes folyamat is-, jelent\u0151s m\u00e9rt\u00e9kben az emberi tev\u00e9kenys\u00e9gek sor\u00e1n kibocs\u00e1tott \u00fcvegh\u00e1z hat\u00e1s\u00fa g\u00e1zok okozz\u00e1k. Ilyen \u00dcHG p\u00e9ld\u00e1ul a sz\u00e9n-dioxid, nitrog\u00e9n-oxid, met\u00e1n \u00e9s v\u00edzg\u0151z is.<\/p>\n<p>A kl\u00edmav\u00e1ltoz\u00e1s, mint glob\u00e1lis k\u00f6rnyezeti probl\u00e9ma a lakoss\u00e1got \u00e9s ezen bel\u00fcl az iskol\u00e1s koroszt\u00e1lyt is \u00e9rinti, \u00edgy a fent hivatkozott projekt keret\u00e9ben J\u00e1szf\u00e9nyszaru v\u00e1ros \u00e9s t\u00e9rs\u00e9g\u00e9nek \u00f3vod\u00e1i, \u00e1ltal\u00e1nos \u00e9s k\u00f6z\u00e9piskol\u00e1i r\u00e9sz\u00e9re k\u00fcl\u00f6nb\u00f6z\u0151 p\u00e1ly\u00e1zatok \u00e9s tanulm\u00e1nyi versenyek ker\u00fclnek ki\u00edr\u00e1sra, melyek k\u00f6z\u00fcl els\u0151k\u00e9nt J\u00e1szf\u00e9nyszaru \u00e9s k\u00f6rnyez\u0151 telep\u00fcl\u00e9s\u00e9n m\u0171k\u00f6d\u0151 \u00f3vod\u00e1k eset\u00e9ben rajzp\u00e1ly\u00e1zat, illetve \u00e1ltal\u00e1nos \u00e9s k\u00f6z\u00e9piskol\u00e1knak sz\u00f3l\u00f3 log\u00f3-, fot\u00f3- \u00e9s rajzp\u00e1ly\u00e1zat ker\u00fcl ki\u00edr\u00e1sra.<\/p>\n<p><strong>3. F\u0151bb p\u00e1ly\u00e1zati inform\u00e1ci\u00f3k<\/strong><\/p>\n<p>P\u00e1ly\u00e1z\u00f3k k\u00f6re<br \/>\nJ\u00e1szf\u00e9nyszaru V\u00e1ros \u00e9s t\u00e9rs\u00e9g\u00e9nek k\u00f6z\u00e9piskol\u00e1s, nappali, esti, levelez\u0151 hallgat\u00f3i, akik rendelkeznek magyarorsz\u00e1gi lakc\u00edmmel.<\/p>\n<p>P\u00e1ly\u00e1zat t\u00e1rgya<br \/>\nA p\u00e1ly\u00e1zat t\u00e9m\u00e1ja az \u00e9ghajlatv\u00e1ltoz\u00e1s \u00e9s a kl\u00edmav\u00e9delem, melyhez kapcsol\u00f3dva, az al\u00e1bbi v\u00e1laszthat\u00f3 alt\u00e9m\u00e1kban v\u00e1runk p\u00e1lyam\u0171veket beny\u00fajt\u00e1sra.<\/p>\n<p>Log\u00f3 p\u00e1ly\u00e1zat keret\u00e9ben:<br \/>\n\u2022 a kl\u00edmav\u00e9delemhez \u00e9s az \u00e9ghajlatv\u00e1ltoz\u00e1shoz kapcsol\u00f3d\u00f3, a projekt arculat\u00e1t meghat\u00e1roz\u00f3 log\u00f3 elk\u00e9sz\u00edt\u00e9se<\/p>\n<p>Iskolai rajzp\u00e1ly\u00e1zat keret\u00e9ben:<br \/>\n\u2022 J\u00e1szf\u00e9nyszaru j\u00f6v\u0151je f\u00e1kkal \u00e9s f\u00e1k n\u00e9lk\u00fcl, a n\u00f6v\u00e9nyek szerepe a kl\u00edmav\u00e9delemben.<br \/>\n\u2022 \u00d6sszefog a csal\u00e1dunk a kl\u00edmav\u00e1ltoz\u00e1s ellen: hogyan takar\u00e9koskodunk az energi\u00e1val, anyagokkal?<br \/>\n\u2022 K\u00f6rnyezettudatos k\u00f6zleked\u00e9s &#8211; Ker\u00e9kp\u00e1rral J\u00e1szf\u00e9nyszarun<br \/>\n\u2022 \u00d6sszefog az iskola a kl\u00edmav\u00e1ltoz\u00e1s ellen: Melyik kuk\u00e1ba mit dobunk? Avagy a szelekt\u00edv hullad\u00e9kgy\u0171jt\u00e9s tudom\u00e1nya.<br \/>\n\u2022 A telep\u00fcl\u00e9si v\u00edzfel\u00fcletek, tavak, foly\u00f3k, patakok szerepe a kl\u00edmav\u00e9delemben<br \/>\n\u2022 \u00cdgy v\u00e1ltozik az \u00e9ghajlatunk (sz\u00e9ls\u0151s\u00e9ges id\u0151j\u00e1r\u00e1si jelens\u00e9gek\/az \u00e9ghajlatv\u00e1ltoz\u00e1s hat\u00e1sai a k\u00f6rnyezet\u00fcnkre)<\/p>\n<p><strong>4. P\u00e1ly\u00e1zati l\u00e9p\u00e9sek, a p\u00e1ly\u00e1zat tartalma<\/strong><\/p>\n<p>1) A p\u00e1ly\u00e1zat elk\u00e9sz\u00edt\u00e9s\u00e9nek l\u00e9p\u00e9sei:<\/p>\n<p>a. A versenyben valo\u0301 re\u0301szve\u0301tel felte\u0301tele, minimum 1 db a p\u00e1ly\u00e1zatnak megfelel\u0151 p\u00e1lyam\u0171, amely a kl\u00edmav\u00e1ltoz\u00e1ssal kapcsolatos fenti alte\u0301m\u00e1k b\u00e1rmelyik\u00e9vel kapcsolatos vizu\u00e1lis alkot\u00e1s (log\u00f3, rajz, mont\u00e1zs, plak\u00e1t stb.).<\/p>\n<p>b. Az alkot\u00e1sokat ba\u0301rmilyen technika\u0301val k\u00e9zzel vagy digit\u00e1lisan, fekete-feh\u00e9r vagy szi\u0301nes forma\u0301tumban is el lehet k\u00e9sz\u00edteni, melyeket digit\u00e1lis form\u00e1ban sz\u00fcks\u00e9ges beny\u00fajtani. (Szkennelten)<\/p>\n<p><strong>2) A p\u00e1ly\u00e1zatot az al\u00e1bbi kateg\u00f3ri\u00e1kban hirdetj\u00fck meg:<\/strong><br \/>\na. k\u00f6z\u00e9piskola rajzp\u00e1ly\u00e1zat<\/p>\n<p><strong>3) Beny\u00fajt\u00e1ssal kapcsolatos inform\u00e1ci\u00f3k<\/strong><br \/>\n\u2022 Beny\u00fajt\u00e1si hat\u00e1rid\u0151:<br \/>\na log\u00f3 \u00e9s rajzp\u00e1ly\u00e1zatok eset\u00e9ben: 2022. m\u00e1jus 9.<\/p>\n<p>\u2022 Egy adott p\u00e1ly\u00e1z\u00f3 maximum 1 db p\u00e1ly\u00e1zati m\u0171vel p\u00e1ly\u00e1zhat alt\u00e9m\u00e1nk\u00e9nt.<br \/>\n\u2022 A p\u00e1lyam\u0171veket a fenti hat\u00e1rid\u0151ig kell digit\u00e1lisan megk\u00fcldeni a palyazat@jaszfenyszaru.hu e-mail c\u00edmre,<br \/>\n\u2022 A p\u00e1lyam\u0171vekhez tartoz\u00f3 adatv\u00e9delmi \u00e9s sz\u00fcl\u0151i hozz\u00e1j\u00e1rul\u00f3 nyilatkozatot (1. sz. mell\u00e9klet) kit\u00f6ltve \u00e9s al\u00e1\u00edrva<br \/>\nk\u00e9rj\u00fck digit\u00e1lisan (szkenelve) megk\u00fcldeni a palyazat@jaszfenyszaru.hu e-mail c\u00edmre, \u00e9s szem\u00e9lyesen vagy postai \u00faton is k\u00e9rj\u00fck beny\u00fajtani az \u00d6nkorm\u00e1nyzat r\u00e9sz\u00e9re.<\/p>\n<p>A p\u00e1lyam\u0171vet bek\u00fcld\u0151 elektronikus lev\u00e9lben az al\u00e1bbi adatok megad\u00e1sa sz\u00fcks\u00e9ges:<\/p>\n<p>\u2022 a p\u00e1lyam\u0171 ci\u0301me,<br \/>\n\u2022 a p\u00e1ly\u00e1z\u00f3 tanul\u00f3, int\u00e9zm\u00e9ny \u00e9s oszt\u00e1ly megnevez\u00e9se,<br \/>\n\u2022 a tanul\u00f3 e-mail c\u00edme<br \/>\n\u2022 oszt\u00e1lyf\u0151n\u00f6k neve, \u00e9s el\u00e9rhet\u0151s\u00e9gei (e-mail ci\u0301me, telefonsza\u0301ma)<br \/>\n\u2022 kit\u00f6lt\u00f6tt, al\u00e1\u00edrt nyilatkozat az 1. sz. mell\u00e9klet szerint.<\/p>\n<p>A pa\u0301lya\u0301zatba nem keru\u0308lnek \u00e9rt\u00e9kel\u00e9sre azon pa\u0301lya\u0301zati mu\u030bvek, amelyek nem felelnek meg a fenti ko\u0308vetelme\u0301nyeknek e\u0301s \/ vagy a beku\u0308ldo\u030b tanul\u00f3(k) nem teljesi\u0301ti(k) a pa\u0301lya\u0301zat re\u0301szve\u0301teli felte\u0301teleit, illetve amelyekhez nem ny\u00fajtott\u00e1k be az 1. sz. nyilatkozatot.<\/p>\n<p><strong>4) \u00c9rt\u00e9kel\u00e9s<\/strong><\/p>\n<p>A p\u00e1lyam\u0171vek \u00e9rt\u00e9kel\u00e9se objekt\u00edv. Az \u00e9rt\u00e9kel\u00e9st egy szak\u00e9rt\u0151i zs\u0171ri v\u00e9gzi melyet egy \u2013 a kl\u00edmav\u00e9delmi szakmai gr\u00e9mium (telep\u00fcl\u00e9si kl\u00edmav\u00e9delmi kerekasztal) tagjai \u00e9s a p\u00e1ly\u00e1zatban szakmai egy\u00fcttm\u0171k\u00f6d\u0151k\u00e9nt k\u00f6zrem\u0171k\u00f6d\u0151 szervezetek t\u00e9m\u00e1ban j\u00e1rtas szak\u00e9rt\u0151i alkotnak.<\/p>\n<p>Az \u00e9rt\u00e9kel\u00e9s szempontjai:<br \/>\n\u2022 a t\u00e9mav\u00e1laszt\u00e1s eredetis\u00e9ge, reflexi\u00f3 szintje a t\u00e9m\u00e1ra<br \/>\n\u2022 az \u00fczenet eredetis\u00e9ge, komplexit\u00e1sa<br \/>\n\u2022 a kidolgoz\u00e1s vizu\u00e1lis-grafikai elemeinek min\u0151s\u00e9ge,<br \/>\n\u2022 alkalmazott technik\u00e1k sokr\u00e9t\u0171s\u00e9ge<\/p>\n<p><strong>\u00c9rtes\u00edt\u00e9s<\/strong><\/p>\n<p>A d\u00edjak \u00e1tad\u00e1s\u00e1ra iskolai keretek k\u00f6z\u00f6tt ker\u00fcl sor.<\/p>\n<p><strong>5) D\u00edjaz\u00e1s<\/strong><\/p>\n<p>A k\u00f6z\u00e9piskola 1-3 helyezettje t\u00e1rgynyerem\u00e9nyben r\u00e9szes\u00fcl.<br \/>\nA legjobb alkot\u00e1sok bemutat\u00e1sra lehet\u0151s\u00e9get biztos\u00edtunk.<\/p>\n<p><strong>6) Tov\u00e1bbi inform\u00e1ci\u00f3, el\u00e9rhet\u0151s\u00e9g<\/strong><br \/>\nA p\u00e1ly\u00e1zatokr\u00f3l b\u0151vebb inform\u00e1ci\u00f3t a www.jaszfenyszaru.hu oldalon olvashatnak.<\/p>\n<p>Tov\u00e1bbi inform\u00e1ci\u00f3 k\u00e9rhet\u0151: F\u00e1y D\u00e1niel (fay.daniel@jaszfenyszaru.hu, +36 57 520126)<\/p>\n","protected":false},"excerpt":{"rendered":"<p>P\u00e1ly\u00e1zati Felh\u00edv\u00e1s Rajzp\u00e1ly\u00e1zat \u00e9ghajlatv\u00e1ltoz\u00e1s \u00e9s kl\u00edmav\u00e9delem J\u00e1szf\u00e9nyszaru t\u00e9rs\u00e9g\u00e9ben c\u00edmmel k\u00f6z\u00e9piskol\u00e1k r\u00e9sz\u00e9re J\u00e1szf\u00e9nyszaru V\u00e1ros \u00d6nkorm\u00e1nyzata a Kl\u00edmabar\u00e1t Telep\u00fcl\u00e9sek Sz\u00f6vets\u00e9g\u00e9vel konzorciumban \u201eKl\u00edmatudatoss\u00e1got er\u0151s\u00edt\u0151 szeml\u00e9letform\u00e1l\u00e1s J\u00e1szf\u00e9nyszarun\u201d c\u00edmmel (projektazonos\u00edt\u00f3: KEHOP-1.2.1-18-2018-00145) sikeresen p\u00e1ly\u00e1zott a Sz\u00e9chenyi 2020 K\u00f6rnyezeti \u00e9s Energiahat\u00e9konys\u00e1gi Operat\u00edv Program keret\u00e9ben, \u00edgy k\u00f6zel 20 milli\u00f3 forint vissza nem t\u00e9r\u00edtend\u0151 t\u00e1mogat\u00e1sb\u00f3l helyi kl\u00edmastrat\u00e9gia kidolgoz\u00e1s\u00e1ra, valamint a kl\u00edmatudatoss\u00e1got er\u0151s\u00edt\u0151 szeml\u00e9letform\u00e1l\u00e1si programok &hellip; <a href=\"https:\/\/demojfsz.fenyszaru.hu\/aloldal_eu_2020\/web\/tanulmanyi-versenyek\/\">Continued<\/a><\/p>\n","protected":false},"author":1,"featured_media":0,"parent":0,"menu_order":0,"comment_status":"closed","ping_status":"closed","template":"views\/template-contests.blade.php","meta":[],"_links":{"self":[{"href":"https:\/\/demojfsz.fenyszaru.hu\/aloldal_eu_2020\/web\/wp-json\/wp\/v2\/pages\/24"}],"collection":[{"href":"https:\/\/demojfsz.fenyszaru.hu\/aloldal_eu_2020\/web\/wp-json\/wp\/v2\/pages"}],"about":[{"href":"https:\/\/demojfsz.fenyszaru.hu\/aloldal_eu_2020\/web\/wp-json\/wp\/v2\/types\/page"}],"author":[{"embeddable":true,"href":"https:\/\/demojfsz.fenyszaru.hu\/aloldal_eu_2020\/web\/wp-json\/wp\/v2\/users\/1"}],"replies":[{"embeddable":true,"href":"https:\/\/demojfsz.fenyszaru.hu\/aloldal_eu_2020\/web\/wp-json\/wp\/v2\/comments?post=24"}],"version-history":[{"count":16,"href":"https:\/\/demojfsz.fenyszaru.hu\/aloldal_eu_2020\/web\/wp-json\/wp\/v2\/pages\/24\/revisions"}],"predecessor-version":[{"id":438,"href":"https:\/\/demojfsz.fenyszaru.hu\/aloldal_eu_2020\/web\/wp-json\/wp\/v2\/pages\/24\/revisions\/438"}],"wp:attachment":[{"href":"https:\/\/demojfsz.fenyszaru.hu\/aloldal_eu_2020\/web\/wp-json\/wp\/v2\/media?parent=24"}],"curies":[{"name":"wp","href":"https:\/\/api.w.org\/{rel}","templated":true}]}}