{"id":277,"date":"2020-11-09T22:31:20","date_gmt":"2020-11-09T20:31:20","guid":{"rendered":"https:\/\/jaszfenyszaru.kehop.roi.dev\/?page_id=277"},"modified":"2022-05-23T21:12:54","modified_gmt":"2022-05-23T19:12:54","slug":"mediatar","status":"publish","type":"page","link":"https:\/\/demojfsz.fenyszaru.hu\/aloldal_eu_2020\/web\/mediatar\/","title":{"rendered":"M\u00e9diat\u00e1r"},"content":{"rendered":"<h2>Tanulm\u00e1nyi verseny \u00e9s alkot\u00f3i p\u00e1ly\u00e1zat meghirdet\u00e9se<\/h2>\n<p><iframe loading=\"lazy\" title=\"TANULM\u00c1NYI VERSENYT \u00c9S ALKOT\u00d3I P\u00c1LY\u00c1ZATOT HIRDETTEK MEG A KL\u00cdMAV\u00c9DELEMR\u0150L\" width=\"500\" height=\"281\" src=\"https:\/\/www.youtube.com\/embed\/nbVUT2msw0s?list=PLIp_g1vcPt2YTHaKzcAiJR_-YNiiMQmff\" frameborder=\"0\" allow=\"accelerometer; autoplay; clipboard-write; encrypted-media; gyroscope; picture-in-picture\" allowfullscreen><\/iframe><\/p>\n<h2>Figyelemfelkelt\u00e9s a kl\u00edmav\u00e9delem\u00e9rt<\/h2>\n<p><iframe loading=\"lazy\" title=\"FIGYELEMFELKELT\u00c9S A KL\u00cdMAV\u00c9DELEM\u00c9RT\" width=\"500\" height=\"281\" src=\"https:\/\/www.youtube.com\/embed\/J4bxgTIlUTc?list=PLIp_g1vcPt2YTHaKzcAiJR_-YNiiMQmff\" frameborder=\"0\" allow=\"accelerometer; autoplay; clipboard-write; encrypted-media; gyroscope; picture-in-picture\" allowfullscreen><\/iframe><\/p>\n<h2>A helybeliek javaslatait v\u00e1rjuk a kl\u00edmastrat\u00e9giai programhoz<\/h2>\n<p><iframe loading=\"lazy\" title=\"A HELYB\u00c9LIEK JAVASLATAIT V\u00c1RJ\u00c1K A KL\u00cdMASTRAT\u00c9GIAI PROGRAMHOZ\" width=\"500\" height=\"281\" src=\"https:\/\/www.youtube.com\/embed\/UJhS_8kpqQ8?list=PLIp_g1vcPt2YTHaKzcAiJR_-YNiiMQmff\" frameborder=\"0\" allow=\"accelerometer; autoplay; clipboard-write; encrypted-media; gyroscope; picture-in-picture\" allowfullscreen><\/iframe><\/p>\n<p>A K\u00c9PVISEL\u0150-TEST\u00dcLET ELFOGADTA J\u00c1SZF\u00c9NYSZARU KL\u00cdMASTRAT\u00c9GIAI PROGRAMJ\u00c1T<\/p>\n<p><iframe loading=\"lazy\" title=\"A K\u00c9PVISEL\u0150-TEST\u00dcLET ELFOGADTA J\u00c1SZF\u00c9NYSZARU KL\u00cdMASTRAT\u00c9GIAI PROGRAMJ\u00c1T\" width=\"500\" height=\"281\" src=\"https:\/\/www.youtube.com\/embed\/nWN77v0PqgE?list=PLIp_g1vcPt2YTHaKzcAiJR_-YNiiMQmff\" frameborder=\"0\" allow=\"accelerometer; autoplay; clipboard-write; encrypted-media; gyroscope; picture-in-picture\" allowfullscreen><\/iframe><\/p>\n<p>MINDEN EDDIGIN\u00c9L T\u00d6BB N\u00d6V\u00c9NYT OSZTOTTAK KI A J\u00c1SZF\u00c9NYSZARUIAKNAK<\/p>\n<p><iframe loading=\"lazy\" title=\"MINDEN EDDIGIN\u00c9L T\u00d6BB N\u00d6V\u00c9NYT OSZTOTTAK KI A J\u00c1SZF\u00c9NYSZARUIAKNAK\" width=\"500\" height=\"281\" src=\"https:\/\/www.youtube.com\/embed\/0SItSCk4J3c?list=PLIp_g1vcPt2YTHaKzcAiJR_-YNiiMQmff\" frameborder=\"0\" allow=\"accelerometer; autoplay; clipboard-write; encrypted-media; gyroscope; picture-in-picture\" allowfullscreen><\/iframe><\/p>\n<p>AZ \u00c9V V\u00c9G\u00c9IG ELK\u00c9SZ\u00dcL J\u00c1SZF\u00c9NYSZARU KL\u00cdMASTRAT\u00c9GIAI PROGRAMJA (H\u00cdR18 &#8211; 2021.05.28.)<\/p>\n<p><iframe loading=\"lazy\" title=\"AZ \u00c9V V\u00c9G\u00c9IG ELK\u00c9SZ\u00dcL J\u00c1SZF\u00c9NYSZARU KL\u00cdMASTRAT\u00c9GIAI PROGRAMJA (H\u00cdR18 - 2021.05.28.)\" width=\"500\" height=\"281\" src=\"https:\/\/www.youtube.com\/embed\/4dPqu86hQNs?list=PLIp_g1vcPt2YTHaKzcAiJR_-YNiiMQmff\" frameborder=\"0\" allow=\"accelerometer; autoplay; clipboard-write; encrypted-media; gyroscope; picture-in-picture\" allowfullscreen><\/iframe><\/p>\n<p>A TELEP\u00dcL\u00c9S SZ\u00c9P\u00cdT\u00c9SE \u00c9S A LEVEG\u0150MIN\u0150S\u00c9G JAV\u00cdT\u00c1SA EGYAR\u00c1NT C\u00c9LJA A F\u00c1S\u00cdT\u00c1SNAK<\/p>\n<p><iframe loading=\"lazy\" title=\"A TELEP\u00dcL\u00c9S SZ\u00c9P\u00cdT\u00c9SE \u00c9S A LEVEG\u0150MIN\u0150S\u00c9G JAV\u00cdT\u00c1SA EGYAR\u00c1NT C\u00c9LJA A F\u00c1S\u00cdT\u00c1SNAK\" width=\"500\" height=\"281\" src=\"https:\/\/www.youtube.com\/embed\/oG7E4dW6oK8?list=PLIp_g1vcPt2YTHaKzcAiJR_-YNiiMQmff\" frameborder=\"0\" allow=\"accelerometer; autoplay; clipboard-write; encrypted-media; gyroscope; picture-in-picture\" allowfullscreen><\/iframe><\/p>\n<p>TAPASZTALATGY\u0170JT\u0150 KIR\u00c1NDUL\u00c1S A DUNA M\u00daZEUMBA<\/p>\n<p><iframe loading=\"lazy\" title=\"TAPASZTALATGY\u0170JT\u0150 KIR\u00c1NDUL\u00c1S A DUNA M\u00daZEUMBA\" width=\"500\" height=\"281\" src=\"https:\/\/www.youtube.com\/embed\/Z4Z8JUqjAJI?list=PLIp_g1vcPt2YTHaKzcAiJR_-YNiiMQmff\" frameborder=\"0\" allow=\"accelerometer; autoplay; clipboard-write; encrypted-media; gyroscope; picture-in-picture\" allowfullscreen><\/iframe><\/p>\n<p><strong>M\u00e9diakamp\u00e1ny &#8211; Kapcsol\u00f3d\u00f3 h\u00edrek:<\/strong><\/p>\n<p><em>Mi \u00fajs\u00e1g F\u00e9nyszarun? XXXI. \u00e9vfolyam 9. sz\u00e1m: 2020\/09. H\u00edrlev\u00e9l<\/em><\/p>\n<p>J\u00e1szs\u00e1gi T\u00e9rs\u00e9gi TV: H\u00cdR 18 &#8211;\u00a0<a href=\"https:\/\/youtu.be\/riM0Uezoj4c?t=461\">A J\u00e1szs\u00e1g H\u00edrad\u00f3ja 2020. november 6-ai ad\u00e1s<\/a><\/p>\n<p>&nbsp;<\/p>\n<p><iframe loading=\"lazy\" title=\"H\u00cdR 18 - A J\u00c1SZS\u00c1G H\u00cdRAD\u00d3JA - 2020.11.06.\" width=\"500\" height=\"281\" src=\"https:\/\/www.youtube.com\/embed\/riM0Uezoj4c?start=461&#038;feature=oembed\" frameborder=\"0\" allow=\"accelerometer; autoplay; clipboard-write; encrypted-media; gyroscope; picture-in-picture\" allowfullscreen><\/iframe><\/p>\n<p>H\u00cdRMAGAZIN- J\u00c1SZF\u00c9NYSZARU &#8211; 2022.03.03.<\/p>\n<p><iframe loading=\"lazy\" title=\"H\u00cdRMAGAZIN- J\u00c1SZF\u00c9NYSZARU - 2022.03.03.\" width=\"500\" height=\"281\" src=\"https:\/\/www.youtube.com\/embed\/5-CWYGW07ZA?list=PLIp_g1vcPt2YTHaKzcAiJR_-YNiiMQmff\" frameborder=\"0\" allow=\"accelerometer; autoplay; clipboard-write; encrypted-media; gyroscope; picture-in-picture\" allowfullscreen><\/iframe><\/p>\n","protected":false},"excerpt":{"rendered":"<p>Tanulm\u00e1nyi verseny \u00e9s alkot\u00f3i p\u00e1ly\u00e1zat meghirdet\u00e9se Figyelemfelkelt\u00e9s a kl\u00edmav\u00e9delem\u00e9rt A helybeliek javaslatait v\u00e1rjuk a kl\u00edmastrat\u00e9giai programhoz A K\u00c9PVISEL\u0150-TEST\u00dcLET ELFOGADTA J\u00c1SZF\u00c9NYSZARU KL\u00cdMASTRAT\u00c9GIAI PROGRAMJ\u00c1T MINDEN EDDIGIN\u00c9L T\u00d6BB N\u00d6V\u00c9NYT OSZTOTTAK KI A J\u00c1SZF\u00c9NYSZARUIAKNAK AZ \u00c9V V\u00c9G\u00c9IG ELK\u00c9SZ\u00dcL J\u00c1SZF\u00c9NYSZARU KL\u00cdMASTRAT\u00c9GIAI PROGRAMJA (H\u00cdR18 &#8211; 2021.05.28.) A TELEP\u00dcL\u00c9S SZ\u00c9P\u00cdT\u00c9SE \u00c9S A LEVEG\u0150MIN\u0150S\u00c9G JAV\u00cdT\u00c1SA EGYAR\u00c1NT C\u00c9LJA A F\u00c1S\u00cdT\u00c1SNAK TAPASZTALATGY\u0170JT\u0150 KIR\u00c1NDUL\u00c1S A DUNA &hellip; <a href=\"https:\/\/demojfsz.fenyszaru.hu\/aloldal_eu_2020\/web\/mediatar\/\">Continued<\/a><\/p>\n","protected":false},"author":1,"featured_media":0,"parent":0,"menu_order":0,"comment_status":"closed","ping_status":"closed","template":"","meta":[],"_links":{"self":[{"href":"https:\/\/demojfsz.fenyszaru.hu\/aloldal_eu_2020\/web\/wp-json\/wp\/v2\/pages\/277"}],"collection":[{"href":"https:\/\/demojfsz.fenyszaru.hu\/aloldal_eu_2020\/web\/wp-json\/wp\/v2\/pages"}],"about":[{"href":"https:\/\/demojfsz.fenyszaru.hu\/aloldal_eu_2020\/web\/wp-json\/wp\/v2\/types\/page"}],"author":[{"embeddable":true,"href":"https:\/\/demojfsz.fenyszaru.hu\/aloldal_eu_2020\/web\/wp-json\/wp\/v2\/users\/1"}],"replies":[{"embeddable":true,"href":"https:\/\/demojfsz.fenyszaru.hu\/aloldal_eu_2020\/web\/wp-json\/wp\/v2\/comments?post=277"}],"version-history":[{"count":7,"href":"https:\/\/demojfsz.fenyszaru.hu\/aloldal_eu_2020\/web\/wp-json\/wp\/v2\/pages\/277\/revisions"}],"predecessor-version":[{"id":448,"href":"https:\/\/demojfsz.fenyszaru.hu\/aloldal_eu_2020\/web\/wp-json\/wp\/v2\/pages\/277\/revisions\/448"}],"wp:attachment":[{"href":"https:\/\/demojfsz.fenyszaru.hu\/aloldal_eu_2020\/web\/wp-json\/wp\/v2\/media?parent=277"}],"curies":[{"name":"wp","href":"https:\/\/api.w.org\/{rel}","templated":true}]}}