{"id":49,"date":"2020-07-20T09:37:15","date_gmt":"2020-07-20T09:37:15","guid":{"rendered":"http:\/\/kehop.nyxweb.pw\/?page_id=49"},"modified":"2022-04-29T20:20:46","modified_gmt":"2022-04-29T18:20:46","slug":"klimastrategia-egyeztetesi-valtozat","status":"publish","type":"page","link":"https:\/\/demojfsz.fenyszaru.hu\/aloldal_eu_2020\/web\/klimastrategia\/klimastrategia-egyeztetesi-valtozat\/","title":{"rendered":"Kl\u00edmastrat\u00e9gia egyeztet\u00e9si v\u00e1ltozat"},"content":{"rendered":"<h2><\/h2>\n<h2><strong>A kl\u00edmastrat\u00e9gia eddigi eredm\u00e9nyei r\u00f6viden<\/strong><\/h2>\n<p>Az \u00e9ghajlatpolitik\u00e1nak h\u00e1rom pill\u00e9re van: az \u00fcvegh\u00e1zhat\u00e1s\u00fa g\u00e1zok kibocs\u00e1t\u00e1s\u00e1nak cs\u00f6kkent\u00e9se (mitig\u00e1ci\u00f3), a m\u00e1r elker\u00fclhetetlen hat\u00e1sokhoz val\u00f3 alkalmazkod\u00e1s (adapt\u00e1ci\u00f3), valamint az el\u0151z\u0151 kett\u0151 el\u00e9r\u00e9s\u00e9hez sz\u00fcks\u00e9ges tud\u00e1s, tudatoss\u00e1g, \u00e9letm\u00f3d kialak\u00edt\u00e1s\u00e1t szolg\u00e1l\u00f3 szeml\u00e9letform\u00e1l\u00e1s. Minden esetben e beavatkoz\u00e1si ter\u00fcletek egy\u00fcttes alkalmaz\u00e1s\u00e1ra van sz\u00fcks\u00e9g az \u00e9ghajlatv\u00e1ltoz\u00e1s \u00e9s hat\u00e1sai elleni fell\u00e9p\u00e9s \u00e9rdek\u00e9ben.<\/p>\n<h3><\/h3>\n<h3><strong>Az \u00dcHG-k kibocs\u00e1t\u00e1s\u00e1nak cs\u00f6kkent\u00e9se (mitig\u00e1ci\u00f3)<\/strong><\/h3>\n<p>A kl\u00edmastrat\u00e9gia el\u0151k\u00e9sz\u00edt\u00e9si f\u00e1zis\u00e1ban az \u00d6nkorm\u00e1nyzat felm\u00e9rte a telep\u00fcl\u00e9s \u00fcvegh\u00e1zg\u00e1z kibocs\u00e1t\u00e1s\u00e1t, szektoronk\u00e9nt <a href=\"http:\/\/www.klimabarat.hu\/tudastar\">un. \u00dcHG lelt\u00e1rt<\/a> k\u00e9sz\u00edtett, mely alapj\u00e1n azonos\u00edtotta azokat a f\u0151bb beavatkoz\u00e1si ter\u00fcleteket, amelyeket kezelve hat\u00e9konyan cs\u00f6kkenthet\u0151 helyben a kibocs\u00e1tott sz\u00e9n-dioxid \u00e9s egy\u00e9b \u00fcvegh\u00e1z hat\u00e1s\u00fa g\u00e1zok mennyis\u00e9ge.<\/p>\n<p>A fentiek alapj\u00e1n a telep\u00fcl\u00e9s el\u0151zetesen becs\u00fclt \u00e9ves v\u00e9gs\u0151 sz\u00e9n-dioxid kibocs\u00e1t\u00e1sa: 55.565.91 t, ahol az energiafelhaszn\u00e1l\u00e1s a kibocs\u00e1t\u00e1s 64%-\u00e9rt felel.<\/p>\n<p>A helyi nagyv\u00e1llalatok jelenl\u00e9te (pl. Samsung \u00e9s Thyssenkrupp) er\u0151sen \u00e9rz\u0151dik,\u00a0s m\u00edg egy \u00e1tlagos k\u00f6rny\u00e9kbeli telep\u00fcl\u00e9s eset\u00e9n a helyi ipar \u00e9s a lakoss\u00e1g fogyaszt\u00e1sa kb. 15-20%al t\u00e9r el az ipar jav\u00e1ra, itt a helyi nagyv\u00e1llalatok fogyaszt\u00e1sa elbillenti a m\u00e9rleg nyelv\u00e9t. Ezek alapj\u00e1n a telep\u00fcl\u00e9s puszt\u00e1n villamosenergia alap\u00fa \u00fcvegh\u00e1zg\u00e1z kibocs\u00e1jt\u00e1sa: 7.322 tonna CO2 egyen\u00e9rt\u00e9kes\/\u00e9v. A g\u00e1zfogyaszt\u00e1si adatok is hasonl\u00f3 k\u00e9pet festenek.<\/p>\n<p>A fentiek alapj\u00e1n azonos\u00edtott beavatkoz\u00e1si ter\u00fcletek:<\/p>\n<ul>\n<li>Nem c\u00e9l az ipar visszafog\u00e1sa, de fenntarthat\u00f3 n\u00f6veked\u00e9si p\u00e1ly\u00e1ra \u00e1ll\u00edt\u00e1sa igen: A helyi gazdas\u00e1g \u00e9s ipar teljes\u00edtm\u00e9nye meghat\u00e1roz\u00f3 a v\u00e1ros t\u00fal\u00e9l\u00e9se szempontj\u00e1b\u00f3l, \u00edgy a c\u00e9l a helyi nagyv\u00e1llalatok megtart\u00e1sa, azonban beruh\u00e1z\u00e1saik olyan ir\u00e1ny\u00fa motiv\u00e1ci\u00f3ja, mely k\u00f6rnyezeti szempontb\u00f3l fenntarthat\u00f3bb\u00e1 teszi m\u0171k\u00f6d\u00e9s\u00fcket. (Energiahat\u00e9konys\u00e1gi beruh\u00e1z\u00e1sok motiv\u00e1ci\u00f3ja z\u00f6ld forr\u00e1sokb\u00f3l).<\/li>\n<\/ul>\n<h2><\/h2>\n<h2><strong>Az \u00e9ghajlatv\u00e1ltoz\u00e1s <\/strong><strong>hat\u00e1sokhoz <\/strong><strong>t\u00f6rt\u00e9n\u0151<\/strong><strong> alkalmazkod\u00e1s (adapt\u00e1ci\u00f3)<\/strong><\/h2>\n<p>Adapt\u00e1ci\u00f3 alatt a kl\u00edmav\u00e1ltoz\u00e1s r\u00f6vid t\u00e1von m\u00e1r nem megv\u00e1ltoztathat\u00f3 hat\u00e1saihoz val\u00f3 alkalmazkod\u00e1st \u00e9rtj\u00fck, ahol a kl\u00edmastrat\u00e9gia 9 vizsg\u00e1lati eleme k\u00f6z\u00fcl J\u00e1szf\u00e9nyszarun 2 kiemelked\u0151 probl\u00e9m\u00e1val kell megk\u00fczden\u00fcnk a j\u00f6v\u0151ben: a h\u0151hull\u00e1mos napok sz\u00e1m\u00e1nak n\u00f6veked\u00e9s\u00e9vel \u00e9s az asz\u00e1llyal.<\/p>\n<h4><\/h4>\n<h4><strong>H\u0151hull\u00e1mok<\/strong><\/h4>\n<p>Mind a, mind a nemzetk\u00f6zi kutat\u00e1sok egy\u00e9rtelm\u0171en igazolj\u00e1k, hogy a ny\u00e1ri h\u0151hull\u00e1mok idej\u00e9n \u2013 amikor legal\u00e1bb h\u00e1rom egym\u00e1st k\u00f6vet\u0151 napon meghaladja a napi k\u00f6z\u00e9ph\u0151m\u00e9rs\u00e9klet a 25 \u2103-ot \u2013 az \u00e9v egy\u00e9b id\u0151szakaihoz k\u00e9pest n\u0151 a hal\u00e1loz\u00e1s m\u00e9rt\u00e9ke \u00e9s az eg\u00e9szs\u00e9g\u00fcgyi ell\u00e1t\u00f3rendszerek kapacit\u00e1sa is terhel\u0151dik.<\/p>\n<p>Ha nem is minden esetben, de igen gyakran a ny\u00e1ri h\u0151hull\u00e1mok idej\u00e9n extr\u00e9m magas az UV sug\u00e1rz\u00e1s m\u00e9rt\u00e9ke, ami bizony\u00edtottan emeli a b\u0151r rosszindulat\u00fa elv\u00e1ltoz\u00e1sainak kialakul\u00e1si gyakoris\u00e1g\u00e1t.<\/p>\n<p>K\u00fcl\u00f6n\u00f6sen vesz\u00e9lyeztetettnek min\u0151s\u00fclnek a csecsem\u0151k, a kisgyermekek, a 65 \u00e9vn\u00e9l id\u0151sebbek, a fogyat\u00e9kkal \u00e9l\u0151k, illetve a kr\u00f3nikus sz\u00edv- \u00e9s \u00e9rrendszeri betegs\u00e9gben szenved\u0151k.<\/p>\n<p>A n\u00e9pess\u00e9gstatisztik\u00e1k elemz\u00e9s\u00e9b\u0151l l\u00e1that\u00f3, hogy a telep\u00fcl\u00e9s lakoss\u00e1g depriv\u00e1ci\u00f3val k\u00fczd az ut\u00f3bbi \u00e9vtizedekben, mely trend b\u00e1r kezd kiegyenesedni, hat\u00e1sai \u00e9s a n\u00e9pess\u00e9g el\u00f6reged\u00e9se m\u00e9g mindig meghat\u00e1roz\u00f3k, ha az ut\u00f3bbi \u00f6tven \u00e9vet tekintj\u00fck. A lakoss\u00e1g t\u00f6bb mint harmada a vesz\u00e9lyeztetett korcsoportba tartozik, mely hat\u00e1st igazolj\u00e1k a nemzeti kl\u00edmakutat\u00e1sok is, melyek az orsz\u00e1g h\u0151hull\u00e1mok \u00e1ltal egyik legink\u00e1bb s\u00falytott ter\u00fcletek\u00e9nt hat\u00e1rozz\u00e1k meg, J\u00e1sz- Nagykun- Szolnok megye J\u00e1szber\u00e9nyi j\u00e1r\u00e1s\u00e1t. A h\u0151hull\u00e1mos napok gyakoris\u00e1g\u00e1nak indik\u00e1tora 98-as \u00e9rt\u00e9ket vesz fel (k\u00f6zel megdupl\u00e1z\u00f3dik teh\u00e1t a h\u0151hull\u00e1mos napok sz\u00e1ma a k\u00f6vetkez\u0151 \u00e9vtizedekben, s a kitetts\u00e9gi mutat\u00f3 is extr\u00e9m- nagyon er\u0151s vesz\u00e9lyeztetetts\u00e9get jelez.)<\/p>\n<p>Azaz a helyi kb. 5.800 f\u0151s lakoss\u00e1gb\u00f3l 1.914 f\u0151 a kiemelten vesz\u00e9lyeztetett \u00e9letkori csoportba tartozik, melyet sz\u00e1mot tov\u00e1bb n\u00f6vel a sz\u00edv \u00e9s \u00e9rrendszeri betegs\u00e9gekkel \u00e9s l\u00e9gz\u0151szervi neh\u00e9zs\u00e9gekkel k\u00fczd\u0151k sz\u00e1ma.<\/p>\n<h3><\/h3>\n<h3><strong>Asz\u00e1ly<\/strong><\/h3>\n<p>Az asz\u00e1ly olyan id\u0151szakot jelent, amikor jelent\u0151sen kev\u00e9s csapad\u00e9k hullik, vagy ha a csapad\u00e9kmennyis\u00e9g eg\u00e9szben v\u00e9ve el\u00e9ri is a megszokottat, de a magas h\u0151m\u00e9rs\u00e9klet miatt a talaj p\u00e1rolg\u00e1si vesztes\u00e9ge jelent\u0151sen megn\u0151, hosszabb id\u0151re terjed\u0151 sz\u00e1razs\u00e1g \u00e1ll be, a n\u00f6v\u00e9nyzet fejl\u0151d\u00e9s\u00e9t a sz\u00fcks\u00e9ges nedvess\u00e9g hi\u00e1nya miatt megakasztja, s\u0151t a n\u00f6v\u00e9nyzet pusztul\u00e1s\u00e1t is okozhatja. Legnagyobb m\u00e9rt\u00e9k\u0171 a k\u00e1r, ha a hosszabb id\u0151re kiterjed\u0151 sz\u00e1razs\u00e1g h\u00f3talan t\u00e9l ut\u00e1n k\u00f6vetkezik, \u00edgy a t\u00e9li nedvess\u00e9g hi\u00e1ny\u00e1t a tavasszal el\u00e9g gyakori \u00e9s b\u0151 es\u0151z\u00e9s sem p\u00f3tolja. Ilyenkor az \u0151szi vet\u00e9sek tetemes k\u00e1rt szenvednek, a talaj nem k\u00e9sz\u00edthet\u0151 el\u0151 kell\u0151en a tavaszi vet\u00e9s al\u00e1, az elvetett mag hi\u00e1nyosan kel ki, s ami kikelt, nem indulhat j\u00f3 fejl\u0151d\u00e9snek. Az \u00e9get\u0151 nap \u00e9s a sz\u00e1r\u00edt\u00f3 szelek nem csak a vet\u00e9seket k\u00e1ros\u00edtj\u00e1k, hanem a r\u00e9teket \u00e9s a legel\u0151ket is. N\u00e9ha nagy ter\u00fcletre terjed ki, egyike a legf\u00e9lelmesebb elemi csap\u00e1soknak. Az asz\u00e1ly a F\u00f6ld n\u00e9mely r\u00e9sz\u00e9n \u2013 nevezetesen d\u00e9li vid\u00e9keken \u2013 rendes jelens\u00e9g, mellyel sz\u00e1mot kell vetni s az eg\u00e9sz gazd\u00e1lkod\u00e1snak hozz\u00e1 kell alkalmazkodnia, \u00e9szakibb fekv\u00e9s\u0171 vid\u00e9keken ellenben csak elv\u00e9tve s t\u00f6bbnyire kisebb m\u00e9rt\u00e9kben jelentkezik. Magyarorsz\u00e1gon az asz\u00e1ly el\u00e9g gyakran fordul el\u0151, s a mez\u0151gazdas\u00e1gon ejtett csap\u00e1sai n\u00e9melykor igen s\u00falyosak.<\/p>\n<p>A csapad\u00e9k\u00f6sszegek v\u00e1rhat\u00f3 eltol\u00f3d\u00e1sa (+3-14% \u0151sszel, -5-30% ny\u00e1ron) a Nemzeti F\u00f6ldtani Szolg\u00e1lat \u00e1ltal t\u00f6bb f\u00f3rumon is bemutatott v\u00e1rhat\u00f3 hat\u00e1st igazolja, miszerint a r\u00e9gi\u00f3ban a termesztett n\u00f6v\u00e9nykult\u00far\u00e1k v\u00e1lt\u00e1s\u00e1t \u00e9s az \u0151szi vet\u00e9si ciklus fel\u00e9 t\u00f6rt\u00e9n\u0151 egyre er\u0151sebb eltol\u00f3d\u00e1st kell megfontolni a helyi mez\u0151gazdas\u00e1g szerepl\u0151inek, v\u00e1rhat\u00f3an m\u00e1r a 2021-2050-es id\u0151t\u00e1von is.<\/p>\n<p>\u00d6sszegezve elmondhat\u00f3, hogy:<\/p>\n<ul>\n<li>J\u00e1szf\u00e9nyszaru \u00e9s k\u00f6zvetlen k\u00f6rnyezete kifejezetten s\u00e9r\u00fcl\u00e9keny az asz\u00e1lyokkal szemben<\/li>\n<li>A s\u00e9r\u00fcl\u00e9kenys\u00e9g kezel\u00e9s\u00e9t jelent\u0151 beruh\u00e1z\u00e1sokat \u00fagy kell v\u00e9grehajtani, hogy m\u00e1s k\u00e9szleteket (pl. iv\u00f3v\u00edz) ne vesz\u00e9lyeztess\u00fcnk,<\/li>\n<li>Helyi, r\u00e9szletes felm\u00e9r\u00e9st kell v\u00e9gezni, s felm\u00e9r\u00e9seket folytatni a kitetts\u00e9g pontos\u00edt\u00e1s\u00e1ra.<\/li>\n<\/ul>\n<p>Asz\u00e1ly hat\u00e1sok:<\/p>\n<ul>\n<li>A csapad\u00e9k id\u0151beli ingadoz\u00e1sa miatt c\u00e9lszer\u0171 lesz asz\u00e1lyt\u0171r\u0151 n\u00f6v\u00e9nykult\u00far\u00e1kat bevezetni a helyi mez\u0151gazdas\u00e1gban<\/li>\n<li>Az \u0151szi vet\u00e9sforg\u00f3 alkalmaz\u00e1s\u00e1val cs\u00f6kkenthet\u0151k a mez\u0151gazdas\u00e1got \u00e9rint\u0151 negat\u00edv hat\u00e1sok<\/li>\n<li>\u00daj \u00f6nt\u00f6z\u00e9ses form\u00e1k (pl. csepegtet\u00e9ses lej\u00e1r\u00e1s) \u00e9s a csapad\u00e9kot hossz\u00fa t\u00e1von elrakt\u00e1rozni k\u00e9pes term\u00e9szetes kapacit\u00e1sok ki\u00e9p\u00edt\u00e9s\u00e9vel nemcsak a mez\u0151gazdas\u00e1g, de a helyi term\u00e9szeti k\u00f6rnyezet is \u00f3vhat\u00f3<\/li>\n<\/ul>\n<h4><\/h4>\n<h4><strong>Szeml\u00e9letform\u00e1l\u00e1s: <\/strong><\/h4>\n<p>A mitig\u00e1ci\u00f3 \u00e9s az adapt\u00e1ci\u00f3 mellett sz\u00fcks\u00e9ges a tud\u00e1s, a tudatoss\u00e1g \u00e9s az \u00e9letm\u00f3d kialak\u00edt\u00e1s\u00e1t szolg\u00e1l\u00f3 szeml\u00e9letform\u00e1l\u00e1s.<\/p>\n<p>A lakoss\u00e1got fel kell k\u00e9sz\u00edteni a negat\u00edv kl\u00edmahat\u00e1sok fokoz\u00f3d\u00e1s\u00e1ra:<\/p>\n<ul>\n<li>Z\u00f6ld fel\u00fcletek telep\u00edt\u00e9s\u00e9vel, egy\u00e9b telep\u00fcl\u00e9st h\u0171t\u0151 megold\u00e1sok \u00e9s int\u00e9zked\u00e9sek alkalmaz\u00e1s\u00e1val a j\u00f6v\u0151ben fel kell k\u00e9sz\u00fclni a h\u0151hull\u00e1mos napok sz\u00e1m\u00e1nak n\u00f6veked\u00e9s\u00e9re.<\/li>\n<li>Az eg\u00e9szs\u00e9g\u00fcgyi rendszernek fel kell k\u00e9sz\u00fclnie a sz\u00edv \u00e9s \u00e9rrendszeri megbeteged\u00e9sekben szenved\u0151k fokozott megbeteged\u00e9seire a j\u00f6v\u0151ben megn\u00f6vekv\u0151 sz\u00e1m\u00fa h\u0151hull\u00e1mos napokon.<\/li>\n<li>A lakoss\u00e1got szeml\u00e9letform\u00e1l\u00e1ssal \u00e9s j\u00f3 gyakorlatok bemutat\u00e1s\u00e1val kell felk\u00e9sz\u00edteni a hat\u00e1sok t\u00e1v\u00e9szlel\u00e9s\u00e9re.<\/li>\n<\/ul>\n<h4><\/h4>\n<h4><strong>Az egyes helyi \u00e9rt\u00e9kek kl\u00edmakock\u00e1zati besorol\u00e1sa <\/strong><\/h4>\n<p>J\u00e1szf\u00e9nyszaru telep\u00fcl\u00e9s \u00e9r\u00e9tkeit a helyi \u00e9rt\u00e9kt\u00e1r alapj\u00e1n h\u00e1rom f\u0151 kateg\u00f3ri\u00e1ba sorolhatjuk:<\/p>\n<ul>\n<li>Term\u00e9szeti \u00e9rt\u00e9kek<\/li>\n<li>M\u0171eml\u00e9kek, m\u0171eml\u00e9k jelleg\u0171 \u00e9p\u00fcletek<\/li>\n<li>Egy\u00e9b \u00e9rt\u00e9kek,<\/li>\n<\/ul>\n<p>Term\u00e9szeti \u00e9rt\u00e9kek csoportjai haz\u00e1nkban:<\/p>\n<ul>\n<li>F\u00f6ldtani (pl. barlangok, v\u00edznyel\u0151k, \u00e1sv\u00e1nyok, \u0151smaradv\u00e1nyok)<\/li>\n<li>V\u00edztani (pl. forr\u00e1s, mocs\u00e1r, l\u00e1p, t\u00f3, v\u00edzes\u00e9s)<\/li>\n<li>N\u00f6v\u00e9nytani (pl. term\u00e9szetes n\u00f6v\u00e9nyfajok, t\u00e1rsul\u00e1sok)<\/li>\n<li>\u00c1llattani (pl. term\u00e9szetes \u00e1llatfajok, t\u00e1rsul\u00e1sok)<\/li>\n<li>T\u00e1jk\u00e9pi (pl. t\u00e1jform\u00e1ci\u00f3k, term\u00e9szetes t\u00e1jak)<\/li>\n<li>Kult\u00fart\u00f6rt\u00e9neti \u00e9rt\u00e9kek (pl. n\u00f6v\u00e9nygy\u0171jtem\u00e9nyek, f\u00f6ldrajzi pontok)<\/li>\n<\/ul>\n<p>Term\u00e9szetv\u00e9delemi \u00e9rt\u00e9kek t\u00e1rgy\u00e1t k\u00e9pezik azok a f\u00f6ldtani, v\u00edztani, n\u00f6v\u00e9ny-, \u00e1llattani, t\u00e1jk\u00e9pi \u00e9s kult\u00fart\u00f6rt\u00e9neti \u00e9rt\u00e9kek, valamint az \u00e9l\u0151l\u00e9nyek \u00e9l\u0151- \u00e9s teny\u00e9sz\u0151helyei, amelyek meg\u0151rz\u00e9se \u00e9s fenntart\u00e1sa tudom\u00e1nyos, kultur\u00e1lis, eszt\u00e9tikai vagy gazdas\u00e1gi szempontb\u00f3l ritkas\u00e1guk \u00e9s k\u00fcl\u00f6nbs\u00e9geik miatt \u00e9rt\u00e9kesek, vagy amelyeket az \u00e1talak\u00edt\u00e1s, megsemmis\u00fcl\u00e9s vagy kipusztul\u00e1s vesz\u00e9lye fenyeget.<\/p>\n<p>J\u00e1szf\u00e9nyszaru eset\u00e9ben term\u00e9szeti r\u00e9t\u00e9kek k\u00f6z\u00e9 soroljuk:<\/p>\n<ul>\n<li>a Zagyva \u00e9s Galga foly\u00f3kat<\/li>\n<li>Az \u00d6regerd\u0151t<\/li>\n<li>A helyi horg\u00e1sztavakat<\/li>\n<li>A z\u00f6ld tereket, parkokat (Pet\u0151fi park, eg\u00e9szs\u00e9gpark, stb.)<\/li>\n<li>A juharlevel\u0171 plat\u00e1nsort<\/li>\n<li>\u00e9s a v\u00e1rosi eml\u00e9kf\u00e1kat<\/li>\n<\/ul>\n<p>A j\u00e1szf\u00e9nyszarui \u00d6regerd\u0151 legal\u00e1bb 80-100 \u00e9ves f\u00e1k \u00e9l\u0151helye, ahol egy\u00e9bk\u00e9nt m\u00e1r a k\u00e9t vil\u00e1gh\u00e1bor\u00fa k\u00f6z\u00f6tti id\u0151ben megrendezt\u00e9k a Madarak \u00e9s F\u00e1k Napj\u00e1t. Az erd\u0151 t\u00f6bbsz\u00f6r cser\u00e9lt gazd\u00e1t, \u00e9s sajnos mintegy 4\u20135 hekt\u00e1ron kiv\u00e1gt\u00e1k a f\u00e1kat. Az \u00f6nkorm\u00e1nyzat megv\u00e1s\u00e1rolta az \u00d6regerd\u0151t, ahol p\u00e1re \u00e9vvel ezel\u0151tt \u00f6t hekt\u00e1ron kocs\u00e1nyos t\u00f6lgyet \u00e9s k\u0151risf\u00e1t telep\u00edtettek \u00fajra.\u00a0 Ebben a k\u00f6z\u00f6ss\u00e9gi munk\u00e1ban legal\u00e1bb sz\u00e1zan vettek r\u00e9szt, \u00e9s akkor k\u00f6r\u00fclbel\u00fcl t\u00edzezer facsemet\u00e9t \u00fcltettek el a k\u00f6z\u00f6ss\u00e9g tagjai.<\/p>\n<p>Az \u00f6nkorm\u00e1nyzat 2014-ben ind\u00edtotta el f\u00e1s\u00edt\u00e1si programj\u00e1t d\u00edszn\u00f6v\u00e9nyekkel, majd egy \u00e9vvel k\u00e9s\u0151bb a d\u00edszn\u00f6v\u00e9nyek mell\u00e9 m\u00e1r gy\u00fcm\u00f6lcsf\u00e1t is biztos\u00edtottak a lakoss\u00e1gnak. 2016-ban a f\u00e1s\u00edt\u00e1si program kieg\u00e9sz\u00fclt a \u201er\u00f3zs\u00e1s\u00edt\u00e1si\u201d akci\u00f3val, aminek \u201eJ\u00e1szf\u00e9nyszaru a r\u00f3zs\u00e1k v\u00e1rosa\u201d lett a szlogenje.<\/p>\n<p>Az egyes helyi \u00e9rt\u00e9keket az adapt\u00e1ci\u00f3s elemz\u00e9sben kiemelt dimenzi\u00f3k ment\u00e9n az egyes kock\u00e1zati t\u00e9nyez\u0151knek megfelel\u0151en ++, +, 0, -, &#8212; jelz\u00e9sekkel l\u00e1ttuk el, ahol az egyes jelz\u00e9seket az al\u00e1bbiak szerint \u00e9rtelmezhetj\u00fck:<\/p>\n<p>++\u00a0\u00a0\u00a0\u00a0\u00a0\u00a0\u00a0 A v\u00e9dend\u0151 \u00e9rt\u00e9k helyzete\/kitetts\u00e9ge a kl\u00edmastrat\u00e9gia r\u00f6vid id\u0151t\u00e1vj\u00e1n is jelent\u0151sen javul<\/p>\n<p>+\u00a0\u00a0\u00a0\u00a0\u00a0\u00a0\u00a0\u00a0\u00a0 A v\u00e9dend\u0151 \u00e9rt\u00e9k helyzete, kitetts\u00e9ge, adapt\u00e1ci\u00f3s k\u00e9pess\u00e9ge javul<\/p>\n<p>0\u00a0\u00a0\u00a0\u00a0\u00a0\u00a0\u00a0\u00a0\u00a0 A kitetts\u00e9g az adott dimenzi\u00f3ban nem v\u00e1ltozik sz\u00e1mottev\u0151en<\/p>\n<p>&#8211;\u00a0\u00a0\u00a0\u00a0\u00a0\u00a0\u00a0\u00a0\u00a0\u00a0 A kitetts\u00e9g, adapt\u00e1ci\u00f3s helyzet romlik az adott dimenzi\u00f3ban<\/p>\n<p>&#8212;\u00a0\u00a0\u00a0\u00a0\u00a0\u00a0\u00a0\u00a0 A kitetts\u00e9g, adapt\u00e1ci\u00f3s helyzet m\u00e1r r\u00f6vid t\u00e1von is jelent\u0151sen romlani fog<\/p>\n<table>\n<tbody>\n<tr>\n<td width=\"101\"><strong>Kateg\u00f3ria<\/strong><\/td>\n<td width=\"97\"><strong>H\u0151hull\u00e1mok<\/strong><\/td>\n<td width=\"82\"><strong>Asz\u00e1ly<\/strong><\/td>\n<td width=\"125\"><strong>Csapad\u00e9khat\u00e1sok<\/strong><\/td>\n<td width=\"106\"><strong>Viharok \u00e9s infrastrukt\u00fara<\/strong><\/td>\n<td width=\"92\"><strong>\u00c9l\u0151helyek pusztul\u00e1sa<\/strong><\/td>\n<\/tr>\n<tr>\n<td width=\"101\">Zagyva \u00e9s Galga foly\u00f3k<\/td>\n<td width=\"97\">&#8212;<\/td>\n<td width=\"82\">&#8212;<\/td>\n<td width=\"125\">+<\/td>\n<td width=\"106\">&#8212;<\/td>\n<td width=\"92\">&#8211;<\/td>\n<\/tr>\n<tr>\n<td width=\"101\">\u00d6regerd\u0151<\/td>\n<td width=\"97\">&#8212;<\/td>\n<td width=\"82\">&#8212;<\/td>\n<td width=\"125\">&#8211;<\/td>\n<td width=\"106\">&#8212;<\/td>\n<td width=\"92\">&#8211;<\/td>\n<\/tr>\n<tr>\n<td width=\"101\">K\u00f6zt\u00e9ri parkok<\/td>\n<td width=\"97\">&#8212;<\/td>\n<td width=\"82\">&#8212;<\/td>\n<td width=\"125\">&#8212;<\/td>\n<td width=\"106\">&#8212;<\/td>\n<td width=\"92\">&#8211;<\/td>\n<\/tr>\n<tr>\n<td width=\"101\">Fasorok<\/td>\n<td width=\"97\">&#8212;<\/td>\n<td width=\"82\">&#8212;<\/td>\n<td width=\"125\">&#8212;<\/td>\n<td width=\"106\">&#8212;<\/td>\n<td width=\"92\">0<\/td>\n<\/tr>\n<tr>\n<td width=\"101\">Helyi szobrok<\/td>\n<td width=\"97\">0<\/td>\n<td width=\"82\">0<\/td>\n<td width=\"125\">&#8211;<\/td>\n<td width=\"106\">&#8212;<\/td>\n<td width=\"92\">0<\/td>\n<\/tr>\n<tr>\n<td width=\"101\">Kast\u00e9lyok<\/td>\n<td width=\"97\">&#8211;<\/td>\n<td width=\"82\">&#8211;<\/td>\n<td width=\"125\">&#8212;<\/td>\n<td width=\"106\">&#8212;<\/td>\n<td width=\"92\">0<\/td>\n<\/tr>\n<\/tbody>\n<\/table>\n<p><em>A helyi \u00e9rt\u00e9kek kitetts\u00e9ge \u00e9s a j\u00f6v\u0151beni trendek egy\u00fcttes elemz\u00e9se (saj\u00e1t szerkeszt\u00e9s) <\/em><\/p>\n<p>Ahogyan a fenti t\u00e1bl\u00e1zatban is l\u00e1that\u00f3, az adapt\u00e1ci\u00f3s elemz\u00e9sben felt\u0171ntetett elemek j\u00f3 r\u00e9sze negat\u00edvan \u00e9rinti az egyes term\u00e9szeti \u00e9r\u00e9tkeket s a legt\u00f6bb semleges hat\u00e1st az \u00e9p\u00edtett \u00e9rt\u00e9kek eset\u00e9ben tal\u00e1ljuk. A pozit\u00edv hat\u00e1sok \u00f6sszesen a Zagyva \u00e9s Galga foly\u00f3k eset\u00e9ben \u00e9rtelmezhet\u0151k, a hirtelen j\u00f6tt csapad\u00e9k a foly\u00f3k v\u00edzhozam\u00e1t ideiglenesen megemelheti, azonban a csapad\u00e9kegyenleg eltol\u00f3d\u00e1s\u00e1b\u00f3l ered\u0151 asz\u00e1lyos id\u0151szakok n\u00f6veked\u00e9se m\u00e1r pontosan ezzel ellent\u00e9tes jelent\u0151sen negat\u00edv hat\u00e1st fejt ki a vizes \u00e9l\u0151helyek hozam\u00e1ra \u00e9s k\u00f6rnyezeti adotts\u00e1gaira.<\/p>\n","protected":false},"excerpt":{"rendered":"<p>A kl\u00edmastrat\u00e9gia eddigi eredm\u00e9nyei r\u00f6viden Az \u00e9ghajlatpolitik\u00e1nak h\u00e1rom pill\u00e9re van: az \u00fcvegh\u00e1zhat\u00e1s\u00fa g\u00e1zok kibocs\u00e1t\u00e1s\u00e1nak cs\u00f6kkent\u00e9se (mitig\u00e1ci\u00f3), a m\u00e1r elker\u00fclhetetlen hat\u00e1sokhoz val\u00f3 alkalmazkod\u00e1s (adapt\u00e1ci\u00f3), valamint az el\u0151z\u0151 kett\u0151 el\u00e9r\u00e9s\u00e9hez sz\u00fcks\u00e9ges tud\u00e1s, tudatoss\u00e1g, \u00e9letm\u00f3d kialak\u00edt\u00e1s\u00e1t szolg\u00e1l\u00f3 szeml\u00e9letform\u00e1l\u00e1s. Minden esetben e beavatkoz\u00e1si ter\u00fcletek egy\u00fcttes alkalmaz\u00e1s\u00e1ra van sz\u00fcks\u00e9g az \u00e9ghajlatv\u00e1ltoz\u00e1s \u00e9s hat\u00e1sai elleni fell\u00e9p\u00e9s \u00e9rdek\u00e9ben. Az \u00dcHG-k kibocs\u00e1t\u00e1s\u00e1nak cs\u00f6kkent\u00e9se &hellip; <a href=\"https:\/\/demojfsz.fenyszaru.hu\/aloldal_eu_2020\/web\/klimastrategia\/klimastrategia-egyeztetesi-valtozat\/\">Continued<\/a><\/p>\n","protected":false},"author":1,"featured_media":0,"parent":20,"menu_order":2,"comment_status":"open","ping_status":"closed","template":"views\/template-climate-strategy-draft.blade.php","meta":[],"_links":{"self":[{"href":"https:\/\/demojfsz.fenyszaru.hu\/aloldal_eu_2020\/web\/wp-json\/wp\/v2\/pages\/49"}],"collection":[{"href":"https:\/\/demojfsz.fenyszaru.hu\/aloldal_eu_2020\/web\/wp-json\/wp\/v2\/pages"}],"about":[{"href":"https:\/\/demojfsz.fenyszaru.hu\/aloldal_eu_2020\/web\/wp-json\/wp\/v2\/types\/page"}],"author":[{"embeddable":true,"href":"https:\/\/demojfsz.fenyszaru.hu\/aloldal_eu_2020\/web\/wp-json\/wp\/v2\/users\/1"}],"replies":[{"embeddable":true,"href":"https:\/\/demojfsz.fenyszaru.hu\/aloldal_eu_2020\/web\/wp-json\/wp\/v2\/comments?post=49"}],"version-history":[{"count":5,"href":"https:\/\/demojfsz.fenyszaru.hu\/aloldal_eu_2020\/web\/wp-json\/wp\/v2\/pages\/49\/revisions"}],"predecessor-version":[{"id":156,"href":"https:\/\/demojfsz.fenyszaru.hu\/aloldal_eu_2020\/web\/wp-json\/wp\/v2\/pages\/49\/revisions\/156"}],"up":[{"embeddable":true,"href":"https:\/\/demojfsz.fenyszaru.hu\/aloldal_eu_2020\/web\/wp-json\/wp\/v2\/pages\/20"}],"wp:attachment":[{"href":"https:\/\/demojfsz.fenyszaru.hu\/aloldal_eu_2020\/web\/wp-json\/wp\/v2\/media?parent=49"}],"curies":[{"name":"wp","href":"https:\/\/api.w.org\/{rel}","templated":true}]}}